{"id":29339,"date":"2023-04-27T03:57:23","date_gmt":"2023-04-27T03:57:23","guid":{"rendered":"https:\/\/dextea.com\/product\/detox-tee-mit-komplettplan\/"},"modified":"2025-06-28T08:54:42","modified_gmt":"2025-06-28T08:54:42","slug":"detox-tee-mit-komplettplan","status":"publish","type":"product","link":"https:\/\/dextea.com\/de\/product\/detox-tee-mit-komplettplan\/","title":{"rendered":"Detox Tee mit Komplettplan"},"content":{"rendered":"<h4><strong>Tiefe, nat\u00fcrliche Entgiftung<\/strong><\/h4>\n<p>Die integrale Entgiftung stellt den K\u00f6rper wieder her und verbessert seine Funktion erheblich.<\/p>\n<h4><strong>Reduziert Bl\u00e4hungen im Bauch<\/strong><\/h4>\n<p>Beseitigt \u00fcbersch\u00fcssige Fl\u00fcssigkeiten, um das Schweregef\u00fchl und Bl\u00e4hungen zu lindern.<\/p>\n<h4><strong>9 hochwirksame Kr\u00e4uter<\/strong><\/h4>\n<p>Hergestellt aus den wirksamsten entgiftenden Kr\u00e4utern der Welt.<\/p>\n<h4><strong>Starkes Antioxidans<\/strong><\/h4>\n<p>Es hat eine bemerkenswerte alkalische und verj\u00fcngende Wirkung.<\/p>\n<h4><strong>Erh\u00f6ht den Stoffwechsel<\/strong><\/h4>\n<p>Es hilft bei der Gewichtsabnahme auf nat\u00fcrliche und gesunde Weise.<\/p>\n<h4>Komplettes Detox-Programm von <strong>30 bis 40<\/strong> Tagen \/ <strong>60 bis 80<\/strong> Tagen \/ <strong>90 bis 120<\/strong> Tagen<\/h4>\n<p>Nat\u00fcrliche Routine f\u00fcr eine gr\u00fcndliche Reinigung und Schlankheit des K\u00f6rpers in 3 Wochen.<\/p>\n<h4><strong>Zutaten f\u00fcr Tee:<\/strong><\/h4>\n<ul>\n<li><strong>Senna<\/strong>: Eine Pflanze, die als nat\u00fcrliches Abf\u00fchrmittel verwendet wird, um die Verdauung zu unterst\u00fctzen.<\/li>\n<li><strong>Algen<\/strong>: Sie sind reich an Mineralien und helfen bei der Entgiftung und der allgemeinen Gesundheit.<\/li>\n<li><strong>Fenchel<\/strong>: Erleichtert die Verdauung und entlastet Darmgase.<\/li>\n<li><strong>Erdbeerpflanze<\/strong>: Quelle von Antioxidantien, verbessert die Gesundheit der Haut.<\/li>\n<li><strong>Silbergras<\/strong>: Heilpflanze mit entz\u00fcndungshemmenden Eigenschaften.<\/li>\n<li><strong>Schachtelhalm<\/strong>: Nat\u00fcrliches Diuretikum, hilft bei der Beseitigung von Giftstoffen.<\/li>\n<li><strong>Asche<\/strong>: Pflanze, die hilft, Fl\u00fcssigkeitsansammlungen zu reduzieren.<\/li>\n<li><strong>Gras<\/strong>: Wird verwendet, um die Verdauung zu verbessern und die Darmgesundheit zu f\u00f6rdern.<\/li>\n<\/ul>\n<p>Allergenfrei \/ Gentechnikfrei \/ Frei von ionisierender Strahlung.<\/p>\n<h4><strong>Vorschlag<\/strong><\/h4>\n<p>Wenn Sie den Geschmack des Tees im Laufe der Wochen variieren m\u00f6chten, k\u00f6nnen Sie nach Belieben unter anderem Zitronenscheiben, Ingwer, Minze und Zimt hinzuf\u00fcgen.<\/p>\n<h4><strong>Wie zu nehmen<\/strong><\/h4>\n<ul>\n<li>Geben Sie 3 bis 6 Essl\u00f6ffel der Mischung in 1 Liter kochendes Wasser.<\/li>\n<li>Lassen Sie den Aufguss 5 Minuten ziehen und entfernen Sie die Kr\u00e4uter. Zugedeckt beiseite stellen. <\/li>\n<li>Die Infusion sollte den ganzen Tag \u00fcber 30 Minuten vor den Mahlzeiten eingenommen werden.<\/li>\n<li>Hei\u00df oder kalt trinken.<\/li>\n<\/ul>\n<p>Gewicht: 180g, Portionen: 30-40 pro Packung<\/p>\n","protected":false},"excerpt":{"rendered":"<p>Perfektes komplettes Entgiftungsprogramm, das den K\u00f6rper neu konfiguriert und Ihren K\u00f6rper deutlich verbessert. Profitieren Sie jetzt von unseren verf\u00fcgbaren Kampagnen und Aktionen. <\/p>\n","protected":false},"featured_media":29341,"comment_status":"closed","ping_status":"closed","template":"","meta":{"_acf_changed":false,"inline_featured_image":false},"product_cat":[207],"product_tag":[209],"class_list":{"0":"post-29339","1":"product","2":"type-product","3":"status-publish","4":"has-post-thumbnail","6":"product_brand-dextea","7":"product_cat-detox-tee","8":"product_tag-detox-de","10":"first","11":"instock","12":"sale","13":"featured","14":"taxable","15":"shipping-taxable","16":"purchasable","17":"product-type-variable","18":"has-default-attributes"},"acf":[],"yoast_head":"<!-- This site is optimized with the Yoast SEO Premium plugin v26.4 (Yoast SEO v27.4) - https:\/\/yoast.com\/product\/yoast-seo-premium-wordpress\/ -->\n<title>Tee, um auf gesunde Weise Gewicht zu verlieren. Vollst\u00e4ndiger Plan.<\/title>\n<meta name=\"description\" content=\"Unsere einzigartige Mischung aus nat\u00fcrlichen Inhaltsstoffen wurde entwickelt, um Ihnen zu helfen, Ihr Gewicht auf gesunde Weise zu halten und zu verlieren. Vollst\u00e4ndiger Plan, beginnen Sie noch heute.\" \/>\n<meta name=\"robots\" content=\"index, follow, max-snippet:-1, max-image-preview:large, max-video-preview:-1\" \/>\n<link rel=\"canonical\" href=\"https:\/\/dextea.com\/de\/product\/detox-tee-mit-komplettplan\/\" \/>\n<meta property=\"og:locale\" content=\"de_DE\" \/>\n<meta property=\"og:type\" content=\"article\" \/>\n<meta property=\"og:title\" content=\"Detox Tee mit Komplettplan\" \/>\n<meta property=\"og:description\" content=\"Unsere einzigartige Mischung aus nat\u00fcrlichen Inhaltsstoffen wurde entwickelt, um Ihnen zu helfen, Ihr Gewicht auf gesunde Weise zu halten und zu verlieren. Vollst\u00e4ndiger Plan, beginnen Sie noch heute.\" \/>\n<meta property=\"og:url\" content=\"https:\/\/dextea.com\/de\/product\/detox-tee-mit-komplettplan\/\" \/>\n<meta property=\"og:site_name\" content=\"DexTea\" \/>\n<meta property=\"article:publisher\" content=\"https:\/\/www.facebook.com\/profile.php?id=61561739237869\" \/>\n<meta property=\"article:modified_time\" content=\"2025-06-28T08:54:42+00:00\" \/>\n<meta property=\"og:image\" content=\"https:\/\/8d802fa1d3aeceb56f90.b-cdn.net\/wp-content\/uploads\/2024\/05\/dextea-product.webp\" \/>\n\t<meta property=\"og:image:width\" content=\"545\" \/>\n\t<meta property=\"og:image:height\" content=\"612\" \/>\n\t<meta property=\"og:image:type\" content=\"image\/webp\" \/>\n<meta name=\"twitter:card\" content=\"summary_large_image\" \/>\n<meta name=\"twitter:label1\" content=\"Gesch\u00e4tzte Lesezeit\" \/>\n\t<meta name=\"twitter:data1\" content=\"1\u00a0Minute\" \/>\n<script type=\"application\/ld+json\" class=\"yoast-schema-graph\">{\"@context\":\"https:\\\/\\\/schema.org\",\"@graph\":[{\"@type\":\"WebPage\",\"@id\":\"https:\\\/\\\/dextea.com\\\/de\\\/product\\\/detox-tee-mit-komplettplan\\\/\",\"url\":\"https:\\\/\\\/dextea.com\\\/de\\\/product\\\/detox-tee-mit-komplettplan\\\/\",\"name\":\"Tee, um auf gesunde Weise Gewicht zu verlieren. Vollst\u00e4ndiger Plan.\",\"isPartOf\":{\"@id\":\"https:\\\/\\\/dextea.com\\\/de\\\/#website\"},\"primaryImageOfPage\":{\"@id\":\"https:\\\/\\\/dextea.com\\\/de\\\/product\\\/detox-tee-mit-komplettplan\\\/#primaryimage\"},\"image\":{\"@id\":\"https:\\\/\\\/dextea.com\\\/de\\\/product\\\/detox-tee-mit-komplettplan\\\/#primaryimage\"},\"thumbnailUrl\":\"https:\\\/\\\/dextea.com\\\/wp-content\\\/uploads\\\/2024\\\/05\\\/dextea-product.webp\",\"datePublished\":\"2023-04-27T03:57:23+00:00\",\"dateModified\":\"2025-06-28T08:54:42+00:00\",\"description\":\"Unsere einzigartige Mischung aus nat\u00fcrlichen Inhaltsstoffen wurde entwickelt, um Ihnen zu helfen, Ihr Gewicht auf gesunde Weise zu halten und zu verlieren. Vollst\u00e4ndiger Plan, beginnen Sie noch heute.\",\"breadcrumb\":{\"@id\":\"https:\\\/\\\/dextea.com\\\/de\\\/product\\\/detox-tee-mit-komplettplan\\\/#breadcrumb\"},\"inLanguage\":\"de\",\"potentialAction\":[{\"@type\":\"ReadAction\",\"target\":[\"https:\\\/\\\/dextea.com\\\/de\\\/product\\\/detox-tee-mit-komplettplan\\\/\"]}]},{\"@type\":\"ImageObject\",\"inLanguage\":\"de\",\"@id\":\"https:\\\/\\\/dextea.com\\\/de\\\/product\\\/detox-tee-mit-komplettplan\\\/#primaryimage\",\"url\":\"https:\\\/\\\/dextea.com\\\/wp-content\\\/uploads\\\/2024\\\/05\\\/dextea-product.webp\",\"contentUrl\":\"https:\\\/\\\/dextea.com\\\/wp-content\\\/uploads\\\/2024\\\/05\\\/dextea-product.webp\",\"width\":545,\"height\":612},{\"@type\":\"BreadcrumbList\",\"@id\":\"https:\\\/\\\/dextea.com\\\/de\\\/product\\\/detox-tee-mit-komplettplan\\\/#breadcrumb\",\"itemListElement\":[{\"@type\":\"ListItem\",\"position\":1,\"name\":\"Home\",\"item\":\"https:\\\/\\\/dextea.com\\\/de\\\/\"},{\"@type\":\"ListItem\",\"position\":2,\"name\":\"Loja\",\"item\":\"https:\\\/\\\/dextea.com\\\/de\\\/loja\\\/\"},{\"@type\":\"ListItem\",\"position\":3,\"name\":\"Detox Tee mit Komplettplan\"}]},{\"@type\":\"WebSite\",\"@id\":\"https:\\\/\\\/dextea.com\\\/de\\\/#website\",\"url\":\"https:\\\/\\\/dextea.com\\\/de\\\/\",\"name\":\"DexTea\",\"description\":\"O seu ch\u00e1 Detox para emagrecer\",\"alternateName\":\"DexTea - Descubra o Poder do Ch\u00e1\",\"potentialAction\":[{\"@type\":\"SearchAction\",\"target\":{\"@type\":\"EntryPoint\",\"urlTemplate\":\"https:\\\/\\\/dextea.com\\\/de\\\/?s={search_term_string}\"},\"query-input\":{\"@type\":\"PropertyValueSpecification\",\"valueRequired\":true,\"valueName\":\"search_term_string\"}}],\"inLanguage\":\"de\"}]}<\/script>\n<!-- \/ Yoast SEO Premium plugin. -->","yoast_head_json":{"title":"Tee, um auf gesunde Weise Gewicht zu verlieren. Vollst\u00e4ndiger Plan.","description":"Unsere einzigartige Mischung aus nat\u00fcrlichen Inhaltsstoffen wurde entwickelt, um Ihnen zu helfen, Ihr Gewicht auf gesunde Weise zu halten und zu verlieren. Vollst\u00e4ndiger Plan, beginnen Sie noch heute.","robots":{"index":"index","follow":"follow","max-snippet":"max-snippet:-1","max-image-preview":"max-image-preview:large","max-video-preview":"max-video-preview:-1"},"canonical":"https:\/\/dextea.com\/de\/product\/detox-tee-mit-komplettplan\/","og_locale":"de_DE","og_type":"article","og_title":"Detox Tee mit Komplettplan","og_description":"Unsere einzigartige Mischung aus nat\u00fcrlichen Inhaltsstoffen wurde entwickelt, um Ihnen zu helfen, Ihr Gewicht auf gesunde Weise zu halten und zu verlieren. Vollst\u00e4ndiger Plan, beginnen Sie noch heute.","og_url":"https:\/\/dextea.com\/de\/product\/detox-tee-mit-komplettplan\/","og_site_name":"DexTea","article_publisher":"https:\/\/www.facebook.com\/profile.php?id=61561739237869","article_modified_time":"2025-06-28T08:54:42+00:00","og_image":[{"width":545,"height":612,"url":"https:\/\/8d802fa1d3aeceb56f90.b-cdn.net\/wp-content\/uploads\/2024\/05\/dextea-product.webp","type":"image\/webp"}],"twitter_card":"summary_large_image","twitter_misc":{"Gesch\u00e4tzte Lesezeit":"1\u00a0Minute"},"schema":{"@context":"https:\/\/schema.org","@graph":[{"@type":"WebPage","@id":"https:\/\/dextea.com\/de\/product\/detox-tee-mit-komplettplan\/","url":"https:\/\/dextea.com\/de\/product\/detox-tee-mit-komplettplan\/","name":"Tee, um auf gesunde Weise Gewicht zu verlieren. Vollst\u00e4ndiger Plan.","isPartOf":{"@id":"https:\/\/dextea.com\/de\/#website"},"primaryImageOfPage":{"@id":"https:\/\/dextea.com\/de\/product\/detox-tee-mit-komplettplan\/#primaryimage"},"image":{"@id":"https:\/\/dextea.com\/de\/product\/detox-tee-mit-komplettplan\/#primaryimage"},"thumbnailUrl":"https:\/\/dextea.com\/wp-content\/uploads\/2024\/05\/dextea-product.webp","datePublished":"2023-04-27T03:57:23+00:00","dateModified":"2025-06-28T08:54:42+00:00","description":"Unsere einzigartige Mischung aus nat\u00fcrlichen Inhaltsstoffen wurde entwickelt, um Ihnen zu helfen, Ihr Gewicht auf gesunde Weise zu halten und zu verlieren. Vollst\u00e4ndiger Plan, beginnen Sie noch heute.","breadcrumb":{"@id":"https:\/\/dextea.com\/de\/product\/detox-tee-mit-komplettplan\/#breadcrumb"},"inLanguage":"de","potentialAction":[{"@type":"ReadAction","target":["https:\/\/dextea.com\/de\/product\/detox-tee-mit-komplettplan\/"]}]},{"@type":"ImageObject","inLanguage":"de","@id":"https:\/\/dextea.com\/de\/product\/detox-tee-mit-komplettplan\/#primaryimage","url":"https:\/\/dextea.com\/wp-content\/uploads\/2024\/05\/dextea-product.webp","contentUrl":"https:\/\/dextea.com\/wp-content\/uploads\/2024\/05\/dextea-product.webp","width":545,"height":612},{"@type":"BreadcrumbList","@id":"https:\/\/dextea.com\/de\/product\/detox-tee-mit-komplettplan\/#breadcrumb","itemListElement":[{"@type":"ListItem","position":1,"name":"Home","item":"https:\/\/dextea.com\/de\/"},{"@type":"ListItem","position":2,"name":"Loja","item":"https:\/\/dextea.com\/de\/loja\/"},{"@type":"ListItem","position":3,"name":"Detox Tee mit Komplettplan"}]},{"@type":"WebSite","@id":"https:\/\/dextea.com\/de\/#website","url":"https:\/\/dextea.com\/de\/","name":"DexTea","description":"O seu ch\u00e1 Detox para emagrecer","alternateName":"DexTea - Descubra o Poder do Ch\u00e1","potentialAction":[{"@type":"SearchAction","target":{"@type":"EntryPoint","urlTemplate":"https:\/\/dextea.com\/de\/?s={search_term_string}"},"query-input":{"@type":"PropertyValueSpecification","valueRequired":true,"valueName":"search_term_string"}}],"inLanguage":"de"}]}},"_links":{"self":[{"href":"https:\/\/dextea.com\/de\/wp-json\/wp\/v2\/product\/29339","targetHints":{"allow":["GET"]}}],"collection":[{"href":"https:\/\/dextea.com\/de\/wp-json\/wp\/v2\/product"}],"about":[{"href":"https:\/\/dextea.com\/de\/wp-json\/wp\/v2\/types\/product"}],"replies":[{"embeddable":true,"href":"https:\/\/dextea.com\/de\/wp-json\/wp\/v2\/comments?post=29339"}],"wp:featuredmedia":[{"embeddable":true,"href":"https:\/\/dextea.com\/de\/wp-json\/wp\/v2\/media\/29341"}],"wp:attachment":[{"href":"https:\/\/dextea.com\/de\/wp-json\/wp\/v2\/media?parent=29339"}],"wp:term":[{"taxonomy":"product_cat","embeddable":true,"href":"https:\/\/dextea.com\/de\/wp-json\/wp\/v2\/product_cat?post=29339"},{"taxonomy":"product_tag","embeddable":true,"href":"https:\/\/dextea.com\/de\/wp-json\/wp\/v2\/product_tag?post=29339"}],"curies":[{"name":"wp","href":"https:\/\/api.w.org\/{rel}","templated":true}]}}