{"id":30473,"date":"2020-10-23T02:01:51","date_gmt":"2020-10-23T02:01:51","guid":{"rendered":"https:\/\/dextea.com\/contactos\/"},"modified":"2024-10-13T16:50:20","modified_gmt":"2024-10-13T16:50:20","slug":"contactos","status":"publish","type":"page","link":"https:\/\/dextea.com\/es\/contactos\/","title":{"rendered":"Contactos"},"content":{"rendered":"\t\t<div data-elementor-type=\"wp-page\" data-elementor-id=\"30473\" class=\"elementor elementor-30473 elementor-1851\" data-elementor-post-type=\"page\">\n\t\t\t\t\t\t<div class=\"elementor-section elementor-top-section elementor-element elementor-element-ba5eaea elementor-section-stretched elementor-section-height-min-height elementor-section-boxed elementor-section-height-default elementor-section-items-middle\" data-id=\"ba5eaea\" data-element_type=\"section\" data-settings=\"{&quot;stretch_section&quot;:&quot;section-stretched&quot;,&quot;background_background&quot;:&quot;classic&quot;}\">\n\t\t\t\t\t\t\t<div class=\"elementor-background-overlay\"><\/div>\n\t\t\t\t\t\t\t<div class=\"elementor-container elementor-column-gap-no\">\n\t\t\t\t\t<div class=\"elementor-column elementor-col-100 elementor-top-column elementor-element elementor-element-9bfcb49\" data-id=\"9bfcb49\" data-element_type=\"column\">\n\t\t\t<div class=\"elementor-widget-wrap elementor-element-populated\">\n\t\t\t\t\t\t<div class=\"elementor-element elementor-element-b78d372 elementor-widget elementor-widget-heading\" data-id=\"b78d372\" data-element_type=\"widget\" data-widget_type=\"heading.default\">\n\t\t\t\t<div class=\"elementor-widget-container\">\n\t\t\t\t\t<h2 class=\"elementor-heading-title elementor-size-default\">Estamos aqu\u00ed para ayudar<\/h2>\t\t\t\t<\/div>\n\t\t\t\t<\/div>\n\t\t\t\t<div class=\"elementor-element elementor-element-2fdfc60 elementor-widget__width-initial elementor-widget elementor-widget-text-editor\" data-id=\"2fdfc60\" data-element_type=\"widget\" data-widget_type=\"text-editor.default\">\n\t\t\t\t<div class=\"elementor-widget-container\">\n\t\t\t\t\t\t\t\t\t<div>Estamos disponibles para ayudar con cualquier pregunta o inquietud. Nuestro equipo se compromete a brindar la mejor asistencia posible. <\/div>\n\t\t\t\t\t\t\t\t<\/div>\n\t\t\t\t<\/div>\n\t\t\t\t\t<\/div>\n\t\t<\/div>\n\t\t\t\t\t<\/div>\n\t\t<\/div>\n\t\t\t\t<div class=\"elementor-section elementor-top-section elementor-element elementor-element-69e89a02 elementor-section-stretched elementor-section-boxed elementor-section-height-default elementor-section-height-default\" data-id=\"69e89a02\" data-element_type=\"section\" data-settings=\"{&quot;stretch_section&quot;:&quot;section-stretched&quot;}\">\n\t\t\t\t\t\t<div class=\"elementor-container elementor-column-gap-no\">\n\t\t\t\t\t<div class=\"elementor-column elementor-col-50 elementor-top-column elementor-element elementor-element-525f35a4\" data-id=\"525f35a4\" data-element_type=\"column\">\n\t\t\t<div class=\"elementor-widget-wrap elementor-element-populated\">\n\t\t\t\t\t\t<div class=\"elementor-section elementor-inner-section elementor-element elementor-element-eb2b55d elementor-section-boxed elementor-section-height-default elementor-section-height-default\" data-id=\"eb2b55d\" data-element_type=\"section\">\n\t\t\t\t\t\t<div class=\"elementor-container elementor-column-gap-no\">\n\t\t\t\t\t<div class=\"elementor-column elementor-col-50 elementor-inner-column elementor-element elementor-element-2a6b172a\" data-id=\"2a6b172a\" data-element_type=\"column\">\n\t\t\t<div class=\"elementor-widget-wrap elementor-element-populated\">\n\t\t\t\t\t\t<div class=\"elementor-element elementor-element-1de77991 elementor-widget elementor-widget-image\" data-id=\"1de77991\" data-element_type=\"widget\" data-widget_type=\"image.default\">\n\t\t\t\t<div class=\"elementor-widget-container\">\n\t\t\t\t\t\t\t\t\t\t\t\t\t\t\t<img fetchpriority=\"high\" decoding=\"async\" width=\"600\" height=\"420\" src=\"https:\/\/dextea.com\/wp-content\/uploads\/2020\/10\/img1-contact.jpg\" class=\"attachment-full size-full wp-image-129\" alt=\"Smartic\" srcset=\"https:\/\/dextea.com\/wp-content\/uploads\/2020\/10\/img1-contact.jpg 600w, https:\/\/dextea.com\/wp-content\/uploads\/2020\/10\/img1-contact-400x280.jpg 400w, https:\/\/dextea.com\/wp-content\/uploads\/2020\/10\/img1-contact-300x210.jpg 300w\" sizes=\"(max-width: 600px) 100vw, 600px\" \/>\t\t\t\t\t\t\t\t\t\t\t\t\t\t\t<\/div>\n\t\t\t\t<\/div>\n\t\t\t\t\t<\/div>\n\t\t<\/div>\n\t\t\t\t<div class=\"elementor-column elementor-col-50 elementor-inner-column elementor-element elementor-element-5dcac005\" data-id=\"5dcac005\" data-element_type=\"column\">\n\t\t\t<div class=\"elementor-widget-wrap elementor-element-populated\">\n\t\t\t\t\t\t<div class=\"elementor-element elementor-element-25017f6c elementor-widget elementor-widget-heading\" data-id=\"25017f6c\" data-element_type=\"widget\" data-widget_type=\"heading.default\">\n\t\t\t\t<div class=\"elementor-widget-container\">\n\t\t\t\t\t<h2 class=\"elementor-heading-title elementor-size-default\">Sede de DexTea<\/h2>\t\t\t\t<\/div>\n\t\t\t\t<\/div>\n\t\t\t\t<div class=\"elementor-element elementor-element-46b46b22 elementor-widget__width-initial elementor-widget-mobile__width-inherit elementor-widget elementor-widget-text-editor\" data-id=\"46b46b22\" data-element_type=\"widget\" data-widget_type=\"text-editor.default\">\n\t\t\t\t<div class=\"elementor-widget-container\">\n\t\t\t\t\t\t\t\t\t<p>Rua Francisco Costa, n\u00b017, 1.\u00baEsq. 2635 584 Rio de Mouro <\/p>\n\t\t\t\t\t\t\t\t<\/div>\n\t\t\t\t<\/div>\n\t\t\t\t<div class=\"elementor-element elementor-element-5504b89 elementor-widget__width-initial elementor-widget-mobile__width-inherit elementor-widget elementor-widget-text-editor\" data-id=\"5504b89\" data-element_type=\"widget\" data-widget_type=\"text-editor.default\">\n\t\t\t\t<div class=\"elementor-widget-container\">\n\t\t\t\t\t\t\t\t\t<p>R\u00edo de Mouro, Portugal<\/p>\n\t\t\t\t\t\t\t\t<\/div>\n\t\t\t\t<\/div>\n\t\t\t\t<div class=\"elementor-element elementor-element-155cb0d elementor-widget__width-auto elementor-widget elementor-widget-text-editor\" data-id=\"155cb0d\" data-element_type=\"widget\" data-widget_type=\"text-editor.default\">\n\t\t\t\t<div class=\"elementor-widget-container\">\n\t\t\t\t\t\t\t\t\t<p><a href=\"mailto:info@dextea.com\">info@dextea.com<\/a><\/p>\n\t\t\t\t\t\t\t\t<\/div>\n\t\t\t\t<\/div>\n\t\t\t\t<div class=\"elementor-element elementor-element-6b708ffe elementor-widget elementor-widget-text-editor\" data-id=\"6b708ffe\" data-element_type=\"widget\" data-widget_type=\"text-editor.default\">\n\t\t\t\t<div class=\"elementor-widget-container\">\n\t\t\t\t\t\t\t\t\t<div>+351 937 850 594<\/div>\n\t\t\t\t\t\t\t\t<\/div>\n\t\t\t\t<\/div>\n\t\t\t\t<div class=\"elementor-element elementor-element-4da43f1 elementor-widget elementor-widget-text-editor\" data-id=\"4da43f1\" data-element_type=\"widget\" data-widget_type=\"text-editor.default\">\n\t\t\t\t<div class=\"elementor-widget-container\">\n\t\t\t\t\t\t\t\t\t<p>Llamada a la red m\u00f3vil nacional<\/p>\n\t\t\t\t\t\t\t\t<\/div>\n\t\t\t\t<\/div>\n\t\t\t\t\t<\/div>\n\t\t<\/div>\n\t\t\t\t\t<\/div>\n\t\t<\/div>\n\t\t\t\t\t<\/div>\n\t\t<\/div>\n\t\t\t\t<div class=\"elementor-column elementor-col-50 elementor-top-column elementor-element elementor-element-162d83fc\" data-id=\"162d83fc\" data-element_type=\"column\">\n\t\t\t<div class=\"elementor-widget-wrap elementor-element-populated\">\n\t\t\t\t\t\t<div class=\"elementor-section elementor-inner-section elementor-element elementor-element-4f0d08c0 elementor-section-boxed elementor-section-height-default elementor-section-height-default\" data-id=\"4f0d08c0\" data-element_type=\"section\">\n\t\t\t\t\t\t<div class=\"elementor-container elementor-column-gap-no\">\n\t\t\t\t\t<div class=\"elementor-column elementor-col-50 elementor-inner-column elementor-element elementor-element-2bc12943\" data-id=\"2bc12943\" data-element_type=\"column\">\n\t\t\t<div class=\"elementor-widget-wrap elementor-element-populated\">\n\t\t\t\t\t\t<div class=\"elementor-element elementor-element-aab4519 elementor-widget elementor-widget-image\" data-id=\"aab4519\" data-element_type=\"widget\" data-widget_type=\"image.default\">\n\t\t\t\t<div class=\"elementor-widget-container\">\n\t\t\t\t\t\t\t\t\t\t\t\t\t\t\t<img fetchpriority=\"high\" decoding=\"async\" width=\"600\" height=\"420\" src=\"https:\/\/dextea.com\/wp-content\/uploads\/2020\/10\/img1-contact.jpg\" class=\"attachment-full size-full wp-image-129\" alt=\"Smartic\" srcset=\"https:\/\/dextea.com\/wp-content\/uploads\/2020\/10\/img1-contact.jpg 600w, https:\/\/dextea.com\/wp-content\/uploads\/2020\/10\/img1-contact-400x280.jpg 400w, https:\/\/dextea.com\/wp-content\/uploads\/2020\/10\/img1-contact-300x210.jpg 300w\" sizes=\"(max-width: 600px) 100vw, 600px\" \/>\t\t\t\t\t\t\t\t\t\t\t\t\t\t\t<\/div>\n\t\t\t\t<\/div>\n\t\t\t\t\t<\/div>\n\t\t<\/div>\n\t\t\t\t<div class=\"elementor-column elementor-col-50 elementor-inner-column elementor-element elementor-element-54fc121d\" data-id=\"54fc121d\" data-element_type=\"column\">\n\t\t\t<div class=\"elementor-widget-wrap elementor-element-populated\">\n\t\t\t\t\t\t<div class=\"elementor-element elementor-element-39ae8148 elementor-widget elementor-widget-heading\" data-id=\"39ae8148\" data-element_type=\"widget\" data-widget_type=\"heading.default\">\n\t\t\t\t<div class=\"elementor-widget-container\">\n\t\t\t\t\t<h2 class=\"elementor-heading-title elementor-size-default\">\u00d3rdenes<\/h2>\t\t\t\t<\/div>\n\t\t\t\t<\/div>\n\t\t\t\t<div class=\"elementor-element elementor-element-2538040 elementor-widget__width-initial elementor-widget-mobile__width-inherit elementor-widget elementor-widget-text-editor\" data-id=\"2538040\" data-element_type=\"widget\" data-widget_type=\"text-editor.default\">\n\t\t\t\t<div class=\"elementor-widget-container\">\n\t\t\t\t\t\t\t\t\t<p>Rua Francisco Costa, n\u00b017, 1.\u00baEsq. 2635 584   <\/p>\n\t\t\t\t\t\t\t\t<\/div>\n\t\t\t\t<\/div>\n\t\t\t\t<div class=\"elementor-element elementor-element-2e47ad6 elementor-widget__width-initial elementor-widget-mobile__width-inherit elementor-widget elementor-widget-text-editor\" data-id=\"2e47ad6\" data-element_type=\"widget\" data-widget_type=\"text-editor.default\">\n\t\t\t\t<div class=\"elementor-widget-container\">\n\t\t\t\t\t\t\t\t\t<p>R\u00edo de Mouro, Portugal<\/p>\n\t\t\t\t\t\t\t\t<\/div>\n\t\t\t\t<\/div>\n\t\t\t\t<div class=\"elementor-element elementor-element-331164df elementor-widget__width-auto elementor-widget elementor-widget-text-editor\" data-id=\"331164df\" data-element_type=\"widget\" data-widget_type=\"text-editor.default\">\n\t\t\t\t<div class=\"elementor-widget-container\">\n\t\t\t\t\t\t\t\t\t<p><a href=\"mailto:encomendas@dextea.com\">  encomendas@dextea.com<\/a><\/p>\n\t\t\t\t\t\t\t\t<\/div>\n\t\t\t\t<\/div>\n\t\t\t\t\t<\/div>\n\t\t<\/div>\n\t\t\t\t\t<\/div>\n\t\t<\/div>\n\t\t\t\t\t<\/div>\n\t\t<\/div>\n\t\t\t\t\t<\/div>\n\t\t<\/div>\n\t\t\t\t<div class=\"elementor-section elementor-top-section elementor-element elementor-element-3ae52b69 elementor-section-stretched elementor-section-boxed elementor-section-height-default elementor-section-height-default\" data-id=\"3ae52b69\" data-element_type=\"section\" data-settings=\"{&quot;stretch_section&quot;:&quot;section-stretched&quot;}\">\n\t\t\t\t\t\t<div class=\"elementor-container elementor-column-gap-no\">\n\t\t\t\t\t<div class=\"elementor-column elementor-col-100 elementor-top-column elementor-element elementor-element-3dd73a1a\" data-id=\"3dd73a1a\" data-element_type=\"column\">\n\t\t\t<div class=\"elementor-widget-wrap elementor-element-populated\">\n\t\t\t\t\t\t<div class=\"elementor-element elementor-element-2c3aabbd elementor-widget-divider--view-line elementor-widget elementor-widget-divider\" data-id=\"2c3aabbd\" data-element_type=\"widget\" data-widget_type=\"divider.default\">\n\t\t\t\t<div class=\"elementor-widget-container\">\n\t\t\t\t\t\t\t<div class=\"elementor-divider\">\n\t\t\t<span class=\"elementor-divider-separator\">\n\t\t\t\t\t\t<\/span>\n\t\t<\/div>\n\t\t\t\t\t\t<\/div>\n\t\t\t\t<\/div>\n\t\t\t\t\t<\/div>\n\t\t<\/div>\n\t\t\t\t\t<\/div>\n\t\t<\/div>\n\t\t\t\t<div class=\"elementor-section elementor-top-section elementor-element elementor-element-3059ec0d elementor-section-stretched elementor-section-boxed elementor-section-height-default elementor-section-height-default\" data-id=\"3059ec0d\" data-element_type=\"section\" data-settings=\"{&quot;stretch_section&quot;:&quot;section-stretched&quot;}\">\n\t\t\t\t\t\t<div class=\"elementor-container elementor-column-gap-no\">\n\t\t\t\t\t<div class=\"elementor-column elementor-col-50 elementor-top-column elementor-element elementor-element-7bc163f1\" data-id=\"7bc163f1\" data-element_type=\"column\">\n\t\t\t<div class=\"elementor-widget-wrap elementor-element-populated\">\n\t\t\t\t\t\t<div class=\"elementor-element elementor-element-6c8ade06 elementor-widget elementor-widget-image\" data-id=\"6c8ade06\" data-element_type=\"widget\" data-widget_type=\"image.default\">\n\t\t\t\t<div class=\"elementor-widget-container\">\n\t\t\t\t\t\t\t\t\t\t\t\t\t\t\t<img decoding=\"async\" width=\"630\" height=\"554\" src=\"https:\/\/dextea.com\/wp-content\/uploads\/2020\/10\/img3-contact.jpg\" class=\"attachment-full size-full wp-image-131\" alt=\"Smartic\" srcset=\"https:\/\/dextea.com\/wp-content\/uploads\/2020\/10\/img3-contact.jpg 630w, https:\/\/dextea.com\/wp-content\/uploads\/2020\/10\/img3-contact-400x352.jpg 400w, https:\/\/dextea.com\/wp-content\/uploads\/2020\/10\/img3-contact-300x264.jpg 300w, https:\/\/dextea.com\/wp-content\/uploads\/2020\/10\/img3-contact-600x528.jpg 600w\" sizes=\"(max-width: 630px) 100vw, 630px\" \/>\t\t\t\t\t\t\t\t\t\t\t\t\t\t\t<\/div>\n\t\t\t\t<\/div>\n\t\t\t\t\t<\/div>\n\t\t<\/div>\n\t\t\t\t<div class=\"elementor-column elementor-col-50 elementor-top-column elementor-element elementor-element-62ef85ff\" data-id=\"62ef85ff\" data-element_type=\"column\">\n\t\t\t<div class=\"elementor-widget-wrap elementor-element-populated\">\n\t\t\t\t\t\t<div class=\"elementor-element elementor-element-610c1085 elementor-widget elementor-widget-heading\" data-id=\"610c1085\" data-element_type=\"widget\" data-widget_type=\"heading.default\">\n\t\t\t\t<div class=\"elementor-widget-container\">\n\t\t\t\t\t<h2 class=\"elementor-heading-title elementor-size-default\">Cont\u00e1ctenos<\/h2>\t\t\t\t<\/div>\n\t\t\t\t<\/div>\n\t\t\t\t<div class=\"elementor-element elementor-element-5fe64990 elementor-widget elementor-widget-text-editor\" data-id=\"5fe64990\" data-element_type=\"widget\" data-widget_type=\"text-editor.default\">\n\t\t\t\t<div class=\"elementor-widget-container\">\n\t\t\t\t\t\t\t\t\t<p>Estamos disponibles para ayudarlo con cualquier pregunta o inquietud que pueda tener.<\/p>\n\t\t\t\t\t\t\t\t<\/div>\n\t\t\t\t<\/div>\n\t\t\t\t<div class=\"elementor-element elementor-element-394fd6ba elementor-button-align-start elementor-mobile-button-align-center elementor-widget elementor-widget-form\" data-id=\"394fd6ba\" data-element_type=\"widget\" data-settings=\"{&quot;step_next_label&quot;:&quot;Pr\\u00f3ximo&quot;,&quot;step_previous_label&quot;:&quot;Anterior&quot;,&quot;button_width&quot;:&quot;100&quot;,&quot;step_type&quot;:&quot;number_text&quot;,&quot;step_icon_shape&quot;:&quot;circle&quot;}\" data-widget_type=\"form.default\">\n\t\t\t\t<div class=\"elementor-widget-container\">\n\t\t\t\t\t\t\t<form class=\"elementor-form\" method=\"post\" name=\"Contactos\" aria-label=\"Contactos\">\n\t\t\t<input type=\"hidden\" name=\"post_id\" value=\"30473\"\/>\n\t\t\t<input type=\"hidden\" name=\"form_id\" value=\"394fd6ba\"\/>\n\t\t\t<input type=\"hidden\" name=\"referer_title\" value=\"Contactos - DexTea\" \/>\n\n\t\t\t\t\t\t\t<input type=\"hidden\" name=\"queried_id\" value=\"30473\"\/>\n\t\t\t\n\t\t\t<div class=\"elementor-form-fields-wrapper elementor-labels-above\">\n\t\t\t\t\t\t\t\t<div class=\"elementor-field-type-text elementor-field-group elementor-column elementor-field-group-name elementor-col-100\">\n\t\t\t\t\t\t\t\t\t\t\t\t\t<input size=\"1\" type=\"text\" name=\"form_fields[name]\" id=\"form-field-name\" class=\"elementor-field elementor-size-sm  elementor-field-textual\" placeholder=\"Nombre*\">\n\t\t\t\t\t\t\t\t\t\t\t<\/div>\n\t\t\t\t\t\t\t\t<div class=\"elementor-field-type-email elementor-field-group elementor-column elementor-field-group-email elementor-col-100 elementor-field-required\">\n\t\t\t\t\t\t\t\t\t\t\t\t\t<input size=\"1\" type=\"email\" name=\"form_fields[email]\" id=\"form-field-email\" class=\"elementor-field elementor-size-sm  elementor-field-textual\" placeholder=\"Correo electr\u00f3nico*\" required=\"required\">\n\t\t\t\t\t\t\t\t\t\t\t<\/div>\n\t\t\t\t\t\t\t\t<div class=\"elementor-field-type-textarea elementor-field-group elementor-column elementor-field-group-field_5e54900 elementor-col-100\">\n\t\t\t\t\t<textarea class=\"elementor-field-textual elementor-field  elementor-size-sm\" name=\"form_fields[field_5e54900]\" id=\"form-field-field_5e54900\" rows=\"6\" placeholder=\"Mensaje\"><\/textarea>\t\t\t\t<\/div>\n\t\t\t\t\t\t\t\t<div class=\"elementor-field-type-recaptcha_v3 elementor-field-group elementor-column elementor-field-group-field_7175918 elementor-col-100 recaptcha_v3-inline\">\n\t\t\t\t\t<div class=\"elementor-field\" id=\"form-field-field_7175918\"><div class=\"elementor-g-recaptcha\" data-sitekey=\"6LcA-h8qAAAAAEhMz4oNWXXqDzXAUklzalRr2jlz\" data-type=\"v3\" data-action=\"Form\" data-badge=\"inline\" data-size=\"invisible\"><\/div><\/div>\t\t\t\t<\/div>\n\t\t\t\t\t\t\t\t<div class=\"elementor-field-group elementor-column elementor-field-type-submit elementor-col-100 e-form__buttons\">\n\t\t\t\t\t<button class=\"elementor-button elementor-size-sm\" type=\"submit\">\n\t\t\t\t\t\t<span class=\"elementor-button-content-wrapper\">\n\t\t\t\t\t\t\t\t\t\t\t\t\t\t\t\t\t\t\t\t\t\t<span class=\"elementor-button-text\">ENVIAR<\/span>\n\t\t\t\t\t\t\t\t\t\t\t\t\t<\/span>\n\t\t\t\t\t<\/button>\n\t\t\t\t<\/div>\n\t\t\t<\/div>\n\t\t<\/form>\n\t\t\t\t\t\t<\/div>\n\t\t\t\t<\/div>\n\t\t\t\t\t<\/div>\n\t\t<\/div>\n\t\t\t\t\t<\/div>\n\t\t<\/div>\n\t\t\t\t<\/div>\n\t\t","protected":false},"excerpt":{"rendered":"<p>Estamos aqu\u00ed para ayudar Estamos disponibles para ayudar con cualquier pregunta o inquietud. Nuestro equipo se compromete a brindar la mejor asistencia posible. Sede de DexTea Rua Francisco Costa, n\u00b017, 1.\u00baEsq. 2635 584 Rio de Mouro R\u00edo de Mouro, Portugal info@dextea.com +351 937 850 594 Llamada a la red m\u00f3vil nacional \u00d3rdenes Rua Francisco Costa, [&hellip;]<\/p>\n","protected":false},"author":1,"featured_media":0,"parent":0,"menu_order":0,"comment_status":"closed","ping_status":"closed","template":"template-homepage.php","meta":{"_acf_changed":false,"inline_featured_image":false,"footnotes":""},"class_list":["post-30473","page","type-page","status-publish","hentry"],"acf":[],"yoast_head":"<!-- This site is optimized with the Yoast SEO Premium plugin v26.4 (Yoast SEO v27.4) - https:\/\/yoast.com\/product\/yoast-seo-premium-wordpress\/ -->\n<title>Contactos - DexTea<\/title>\n<meta name=\"robots\" content=\"index, follow, max-snippet:-1, max-image-preview:large, max-video-preview:-1\" \/>\n<link rel=\"canonical\" href=\"https:\/\/dextea.com\/es\/contactos\/\" \/>\n<meta property=\"og:locale\" content=\"es_ES\" \/>\n<meta property=\"og:type\" content=\"article\" \/>\n<meta property=\"og:title\" content=\"Contactos\" \/>\n<meta property=\"og:description\" content=\"Estamos aqu\u00ed para ayudar Estamos disponibles para ayudar con cualquier pregunta o inquietud. Nuestro equipo se compromete a brindar la mejor asistencia posible. Sede de DexTea Rua Francisco Costa, n\u00b017, 1.\u00baEsq. 2635 584 Rio de Mouro R\u00edo de Mouro, Portugal info@dextea.com +351 937 850 594 Llamada a la red m\u00f3vil nacional \u00d3rdenes Rua Francisco Costa, [&hellip;]\" \/>\n<meta property=\"og:url\" content=\"https:\/\/dextea.com\/es\/contactos\/\" \/>\n<meta property=\"og:site_name\" content=\"DexTea\" \/>\n<meta property=\"article:publisher\" content=\"https:\/\/www.facebook.com\/profile.php?id=61561739237869\" \/>\n<meta property=\"article:modified_time\" content=\"2024-10-13T16:50:20+00:00\" \/>\n<meta property=\"og:image\" content=\"https:\/\/dextea.com\/wp-content\/uploads\/2020\/10\/img1-contact.jpg\" \/>\n\t<meta property=\"og:image:width\" content=\"600\" \/>\n\t<meta property=\"og:image:height\" content=\"420\" \/>\n\t<meta property=\"og:image:type\" content=\"image\/jpeg\" \/>\n<meta name=\"twitter:card\" content=\"summary_large_image\" \/>\n<script type=\"application\/ld+json\" class=\"yoast-schema-graph\">{\"@context\":\"https:\\\/\\\/schema.org\",\"@graph\":[{\"@type\":\"WebPage\",\"@id\":\"https:\\\/\\\/dextea.com\\\/es\\\/contactos\\\/\",\"url\":\"https:\\\/\\\/dextea.com\\\/es\\\/contactos\\\/\",\"name\":\"Contactos - DexTea\",\"isPartOf\":{\"@id\":\"https:\\\/\\\/dextea.com\\\/es\\\/#website\"},\"primaryImageOfPage\":{\"@id\":\"https:\\\/\\\/dextea.com\\\/es\\\/contactos\\\/#primaryimage\"},\"image\":{\"@id\":\"https:\\\/\\\/dextea.com\\\/es\\\/contactos\\\/#primaryimage\"},\"thumbnailUrl\":\"https:\\\/\\\/8d802fa1d3aeceb56f90.b-cdn.net\\\/wp-content\\\/uploads\\\/2020\\\/10\\\/img1-contact.jpg\",\"datePublished\":\"2020-10-23T02:01:51+00:00\",\"dateModified\":\"2024-10-13T16:50:20+00:00\",\"breadcrumb\":{\"@id\":\"https:\\\/\\\/dextea.com\\\/es\\\/contactos\\\/#breadcrumb\"},\"inLanguage\":\"es\",\"potentialAction\":[{\"@type\":\"ReadAction\",\"target\":[\"https:\\\/\\\/dextea.com\\\/es\\\/contactos\\\/\"]}]},{\"@type\":\"ImageObject\",\"inLanguage\":\"es\",\"@id\":\"https:\\\/\\\/dextea.com\\\/es\\\/contactos\\\/#primaryimage\",\"url\":\"https:\\\/\\\/8d802fa1d3aeceb56f90.b-cdn.net\\\/wp-content\\\/uploads\\\/2020\\\/10\\\/img1-contact.jpg\",\"contentUrl\":\"https:\\\/\\\/8d802fa1d3aeceb56f90.b-cdn.net\\\/wp-content\\\/uploads\\\/2020\\\/10\\\/img1-contact.jpg\"},{\"@type\":\"BreadcrumbList\",\"@id\":\"https:\\\/\\\/dextea.com\\\/es\\\/contactos\\\/#breadcrumb\",\"itemListElement\":[{\"@type\":\"ListItem\",\"position\":1,\"name\":\"Home\",\"item\":\"https:\\\/\\\/dextea.com\\\/es\\\/\"},{\"@type\":\"ListItem\",\"position\":2,\"name\":\"Contactos\"}]},{\"@type\":\"WebSite\",\"@id\":\"https:\\\/\\\/dextea.com\\\/es\\\/#website\",\"url\":\"https:\\\/\\\/dextea.com\\\/es\\\/\",\"name\":\"DexTea\",\"description\":\"O seu ch\u00e1 Detox para emagrecer\",\"alternateName\":\"DexTea - Descubra o Poder do Ch\u00e1\",\"potentialAction\":[{\"@type\":\"SearchAction\",\"target\":{\"@type\":\"EntryPoint\",\"urlTemplate\":\"https:\\\/\\\/dextea.com\\\/es\\\/?s={search_term_string}\"},\"query-input\":{\"@type\":\"PropertyValueSpecification\",\"valueRequired\":true,\"valueName\":\"search_term_string\"}}],\"inLanguage\":\"es\"}]}<\/script>\n<!-- \/ Yoast SEO Premium plugin. -->","yoast_head_json":{"title":"Contactos - DexTea","robots":{"index":"index","follow":"follow","max-snippet":"max-snippet:-1","max-image-preview":"max-image-preview:large","max-video-preview":"max-video-preview:-1"},"canonical":"https:\/\/dextea.com\/es\/contactos\/","og_locale":"es_ES","og_type":"article","og_title":"Contactos","og_description":"Estamos aqu\u00ed para ayudar Estamos disponibles para ayudar con cualquier pregunta o inquietud. Nuestro equipo se compromete a brindar la mejor asistencia posible. Sede de DexTea Rua Francisco Costa, n\u00b017, 1.\u00baEsq. 2635 584 Rio de Mouro R\u00edo de Mouro, Portugal info@dextea.com +351 937 850 594 Llamada a la red m\u00f3vil nacional \u00d3rdenes Rua Francisco Costa, [&hellip;]","og_url":"https:\/\/dextea.com\/es\/contactos\/","og_site_name":"DexTea","article_publisher":"https:\/\/www.facebook.com\/profile.php?id=61561739237869","article_modified_time":"2024-10-13T16:50:20+00:00","og_image":[{"width":600,"height":420,"url":"https:\/\/dextea.com\/wp-content\/uploads\/2020\/10\/img1-contact.jpg","type":"image\/jpeg"}],"twitter_card":"summary_large_image","schema":{"@context":"https:\/\/schema.org","@graph":[{"@type":"WebPage","@id":"https:\/\/dextea.com\/es\/contactos\/","url":"https:\/\/dextea.com\/es\/contactos\/","name":"Contactos - DexTea","isPartOf":{"@id":"https:\/\/dextea.com\/es\/#website"},"primaryImageOfPage":{"@id":"https:\/\/dextea.com\/es\/contactos\/#primaryimage"},"image":{"@id":"https:\/\/dextea.com\/es\/contactos\/#primaryimage"},"thumbnailUrl":"https:\/\/8d802fa1d3aeceb56f90.b-cdn.net\/wp-content\/uploads\/2020\/10\/img1-contact.jpg","datePublished":"2020-10-23T02:01:51+00:00","dateModified":"2024-10-13T16:50:20+00:00","breadcrumb":{"@id":"https:\/\/dextea.com\/es\/contactos\/#breadcrumb"},"inLanguage":"es","potentialAction":[{"@type":"ReadAction","target":["https:\/\/dextea.com\/es\/contactos\/"]}]},{"@type":"ImageObject","inLanguage":"es","@id":"https:\/\/dextea.com\/es\/contactos\/#primaryimage","url":"https:\/\/8d802fa1d3aeceb56f90.b-cdn.net\/wp-content\/uploads\/2020\/10\/img1-contact.jpg","contentUrl":"https:\/\/8d802fa1d3aeceb56f90.b-cdn.net\/wp-content\/uploads\/2020\/10\/img1-contact.jpg"},{"@type":"BreadcrumbList","@id":"https:\/\/dextea.com\/es\/contactos\/#breadcrumb","itemListElement":[{"@type":"ListItem","position":1,"name":"Home","item":"https:\/\/dextea.com\/es\/"},{"@type":"ListItem","position":2,"name":"Contactos"}]},{"@type":"WebSite","@id":"https:\/\/dextea.com\/es\/#website","url":"https:\/\/dextea.com\/es\/","name":"DexTea","description":"O seu ch\u00e1 Detox para emagrecer","alternateName":"DexTea - Descubra o Poder do Ch\u00e1","potentialAction":[{"@type":"SearchAction","target":{"@type":"EntryPoint","urlTemplate":"https:\/\/dextea.com\/es\/?s={search_term_string}"},"query-input":{"@type":"PropertyValueSpecification","valueRequired":true,"valueName":"search_term_string"}}],"inLanguage":"es"}]}},"_links":{"self":[{"href":"https:\/\/dextea.com\/es\/wp-json\/wp\/v2\/pages\/30473","targetHints":{"allow":["GET"]}}],"collection":[{"href":"https:\/\/dextea.com\/es\/wp-json\/wp\/v2\/pages"}],"about":[{"href":"https:\/\/dextea.com\/es\/wp-json\/wp\/v2\/types\/page"}],"author":[{"embeddable":true,"href":"https:\/\/dextea.com\/es\/wp-json\/wp\/v2\/users\/1"}],"replies":[{"embeddable":true,"href":"https:\/\/dextea.com\/es\/wp-json\/wp\/v2\/comments?post=30473"}],"version-history":[{"count":1,"href":"https:\/\/dextea.com\/es\/wp-json\/wp\/v2\/pages\/30473\/revisions"}],"predecessor-version":[{"id":30475,"href":"https:\/\/dextea.com\/es\/wp-json\/wp\/v2\/pages\/30473\/revisions\/30475"}],"wp:attachment":[{"href":"https:\/\/dextea.com\/es\/wp-json\/wp\/v2\/media?parent=30473"}],"curies":[{"name":"wp","href":"https:\/\/api.w.org\/{rel}","templated":true}]}}