{"id":29289,"date":"2023-04-27T03:57:23","date_gmt":"2023-04-27T03:57:23","guid":{"rendered":"https:\/\/dextea.com\/product\/te-detox-con-plan-completo\/"},"modified":"2026-05-06T12:50:35","modified_gmt":"2026-05-06T12:50:35","slug":"te-detox-con-plan-completo","status":"publish","type":"product","link":"https:\/\/dextea.com\/es\/product\/te-detox-con-plan-completo\/","title":{"rendered":"T\u00e9 Detox con Plan Completo"},"content":{"rendered":"<h4><strong>Desintoxicaci\u00f3n natural profunda<\/strong><\/h4>\n<p>La desintoxicaci\u00f3n integral restaura el organismo y mejora significativamente su funcionamiento.<\/p>\n<h4><strong>Reduce la hinchaz\u00f3n abdominal<\/strong><\/h4>\n<p>Elimina el exceso de l\u00edquidos para aliviar la sensaci\u00f3n de pesadez e hinchaz\u00f3n.<\/p>\n<h4><strong>9 hierbas altamente efectivas<\/strong><\/h4>\n<p>Producido con las hierbas desintoxicantes m\u00e1s efectivas del mundo.<\/p>\n<h4><strong>Potente antioxidante<\/strong><\/h4>\n<p>Tiene un notable efecto alcalino y rejuvenecedor.<\/p>\n<h4><strong>Aumenta el metabolismo<\/strong><\/h4>\n<p>Ayuda en la p\u00e9rdida de peso de forma natural y saludable.<\/p>\n<h4>Programa completo de desintoxicaci\u00f3n de <strong>30 a 40<\/strong> d\u00edas \/ <strong>60 a 80<\/strong> d\u00edas \/ <strong>90 a 120<\/strong> d\u00edas<\/h4>\n<p>Rutina totalmente natural para una limpieza profunda y adelgazamiento corporal en 3 semanas.<\/p>\n<h4><strong>Ingredientes del t\u00e9:<\/strong><\/h4>\n<ul>\n<li><strong>Sen<\/strong>: Planta utilizada como laxante natural para ayudar a la digesti\u00f3n.<\/li>\n<li><strong>Algas marinas<\/strong>: Ricas en minerales, ayudan a la desintoxicaci\u00f3n y a la salud en general.<\/li>\n<li><strong>Hinojo<\/strong>: Facilita la digesti\u00f3n y alivia los gases intestinales.<\/li>\n<li><strong>Planta de Fresa<\/strong>: Fuente de antioxidantes, mejora la salud de la piel.<\/li>\n<li><strong>Silvergrass<\/strong>: Planta medicinal con propiedades antiinflamatorias.<\/li>\n<li><strong>Cola de caballo: Diur\u00e9tico<\/strong> natural, ayuda a eliminar toxinas.<\/li>\n<li><strong>Ceniza<\/strong>: Planta que ayuda a reducir la retenci\u00f3n de l\u00edquidos.<\/li>\n<li><strong>Hierba<\/strong>: Se utiliza para mejorar la digesti\u00f3n y promover la salud intestinal.<\/li>\n<\/ul>\n<p>Libre de al\u00e9rgenos \/ Libre de OGM \/ Libre de radiaciones ionizantes.<\/p>\n<h4><strong>Sugerencia<\/strong><\/h4>\n<p>Si quieres variar el sabor del t\u00e9 a lo largo de las semanas, puedes agregar a tu gusto, rodajas de lim\u00f3n, jengibre, menta, canela entre otros.<\/p>\n<h4><strong>C\u00f3mo tomarlo<\/strong><\/h4>\n<ul>\n<li>Pon de 3 a 6 cucharadas de postre de la mezcla en 1 litro de agua hervida.<\/li>\n<li>Deje la infusi\u00f3n durante 5 minutos y retire las hierbas. Dejar a un lado tapado. <\/li>\n<li>La infusi\u00f3n debe consumirse a lo largo del d\u00eda, 30 minutos antes de las comidas.<\/li>\n<li>Beber fr\u00edo o caliente.<\/li>\n<\/ul>\n<p>Peso: 180 g, Raciones: 30-40 por paquete<\/p>\n","protected":false},"excerpt":{"rendered":"<p>Perfecto programa completo de desintoxicaci\u00f3n, que reconfigura el cuerpo y mejora significativamente tu cuerpo. Aprovecha nuestras campa\u00f1as y promociones disponibles ahora. <\/p>\n","protected":false},"featured_media":29293,"comment_status":"closed","ping_status":"closed","template":"","meta":{"_acf_changed":false,"inline_featured_image":false},"product_cat":[173],"product_tag":[175],"class_list":{"0":"post-29289","1":"product","2":"type-product","3":"status-publish","4":"has-post-thumbnail","6":"product_brand-dextea","7":"product_cat-te-de-desintoxicacion","8":"product_tag-desintoxicacion","10":"first","11":"instock","12":"sale","13":"featured","14":"taxable","15":"shipping-taxable","16":"purchasable","17":"product-type-variable","18":"has-default-attributes"},"acf":[],"yoast_head":"<!-- This site is optimized with the Yoast SEO Premium plugin v26.4 (Yoast SEO v27.4) - https:\/\/yoast.com\/product\/yoast-seo-premium-wordpress\/ -->\n<title>T\u00e9 para adelgazar de forma saludable. Plan completo.<\/title>\n<meta name=\"description\" content=\"Nuestra mezcla \u00fanica de ingredientes naturales est\u00e1 dise\u00f1ada para ayudarlo a mantener y perder peso de una manera saludable. Plan completo, comience hoy.\" \/>\n<meta name=\"robots\" content=\"index, follow, max-snippet:-1, max-image-preview:large, max-video-preview:-1\" \/>\n<link rel=\"canonical\" href=\"https:\/\/dextea.com\/es\/product\/te-detox-con-plan-completo\/\" \/>\n<meta property=\"og:locale\" content=\"es_ES\" \/>\n<meta property=\"og:type\" content=\"article\" \/>\n<meta property=\"og:title\" content=\"T\u00e9 Detox con Plan Completo\" \/>\n<meta property=\"og:description\" content=\"Nuestra mezcla \u00fanica de ingredientes naturales est\u00e1 dise\u00f1ada para ayudarlo a mantener y perder peso de una manera saludable. Plan completo, comience hoy.\" \/>\n<meta property=\"og:url\" content=\"https:\/\/dextea.com\/es\/product\/te-detox-con-plan-completo\/\" \/>\n<meta property=\"og:site_name\" content=\"DexTea\" \/>\n<meta property=\"article:publisher\" content=\"https:\/\/www.facebook.com\/profile.php?id=61561739237869\" \/>\n<meta property=\"article:modified_time\" content=\"2026-05-06T12:50:35+00:00\" \/>\n<meta property=\"og:image\" content=\"https:\/\/8d802fa1d3aeceb56f90.b-cdn.net\/wp-content\/uploads\/2024\/05\/dextea-product.webp\" \/>\n\t<meta property=\"og:image:width\" content=\"545\" \/>\n\t<meta property=\"og:image:height\" content=\"612\" \/>\n\t<meta property=\"og:image:type\" content=\"image\/webp\" \/>\n<meta name=\"twitter:card\" content=\"summary_large_image\" \/>\n<meta name=\"twitter:label1\" content=\"Tiempo de lectura\" \/>\n\t<meta name=\"twitter:data1\" content=\"1 minuto\" \/>\n<script type=\"application\/ld+json\" class=\"yoast-schema-graph\">{\"@context\":\"https:\\\/\\\/schema.org\",\"@graph\":[{\"@type\":\"WebPage\",\"@id\":\"https:\\\/\\\/dextea.com\\\/es\\\/product\\\/te-detox-con-plan-completo\\\/\",\"url\":\"https:\\\/\\\/dextea.com\\\/es\\\/product\\\/te-detox-con-plan-completo\\\/\",\"name\":\"T\u00e9 para adelgazar de forma saludable. Plan completo.\",\"isPartOf\":{\"@id\":\"https:\\\/\\\/dextea.com\\\/es\\\/#website\"},\"primaryImageOfPage\":{\"@id\":\"https:\\\/\\\/dextea.com\\\/es\\\/product\\\/te-detox-con-plan-completo\\\/#primaryimage\"},\"image\":{\"@id\":\"https:\\\/\\\/dextea.com\\\/es\\\/product\\\/te-detox-con-plan-completo\\\/#primaryimage\"},\"thumbnailUrl\":\"https:\\\/\\\/dextea.com\\\/wp-content\\\/uploads\\\/2024\\\/05\\\/dextea-product.webp\",\"datePublished\":\"2023-04-27T03:57:23+00:00\",\"dateModified\":\"2026-05-06T12:50:35+00:00\",\"description\":\"Nuestra mezcla \u00fanica de ingredientes naturales est\u00e1 dise\u00f1ada para ayudarlo a mantener y perder peso de una manera saludable. Plan completo, comience hoy.\",\"breadcrumb\":{\"@id\":\"https:\\\/\\\/dextea.com\\\/es\\\/product\\\/te-detox-con-plan-completo\\\/#breadcrumb\"},\"inLanguage\":\"es\",\"potentialAction\":[{\"@type\":\"ReadAction\",\"target\":[\"https:\\\/\\\/dextea.com\\\/es\\\/product\\\/te-detox-con-plan-completo\\\/\"]}]},{\"@type\":\"ImageObject\",\"inLanguage\":\"es\",\"@id\":\"https:\\\/\\\/dextea.com\\\/es\\\/product\\\/te-detox-con-plan-completo\\\/#primaryimage\",\"url\":\"https:\\\/\\\/dextea.com\\\/wp-content\\\/uploads\\\/2024\\\/05\\\/dextea-product.webp\",\"contentUrl\":\"https:\\\/\\\/dextea.com\\\/wp-content\\\/uploads\\\/2024\\\/05\\\/dextea-product.webp\",\"width\":545,\"height\":612},{\"@type\":\"BreadcrumbList\",\"@id\":\"https:\\\/\\\/dextea.com\\\/es\\\/product\\\/te-detox-con-plan-completo\\\/#breadcrumb\",\"itemListElement\":[{\"@type\":\"ListItem\",\"position\":1,\"name\":\"Home\",\"item\":\"https:\\\/\\\/dextea.com\\\/es\\\/\"},{\"@type\":\"ListItem\",\"position\":2,\"name\":\"Loja\",\"item\":\"https:\\\/\\\/dextea.com\\\/es\\\/loja\\\/\"},{\"@type\":\"ListItem\",\"position\":3,\"name\":\"T\u00e9 Detox con Plan Completo\"}]},{\"@type\":\"WebSite\",\"@id\":\"https:\\\/\\\/dextea.com\\\/es\\\/#website\",\"url\":\"https:\\\/\\\/dextea.com\\\/es\\\/\",\"name\":\"DexTea\",\"description\":\"O seu ch\u00e1 Detox para emagrecer\",\"alternateName\":\"DexTea - Descubra o Poder do Ch\u00e1\",\"potentialAction\":[{\"@type\":\"SearchAction\",\"target\":{\"@type\":\"EntryPoint\",\"urlTemplate\":\"https:\\\/\\\/dextea.com\\\/es\\\/?s={search_term_string}\"},\"query-input\":{\"@type\":\"PropertyValueSpecification\",\"valueRequired\":true,\"valueName\":\"search_term_string\"}}],\"inLanguage\":\"es\"}]}<\/script>\n<!-- \/ Yoast SEO Premium plugin. -->","yoast_head_json":{"title":"T\u00e9 para adelgazar de forma saludable. Plan completo.","description":"Nuestra mezcla \u00fanica de ingredientes naturales est\u00e1 dise\u00f1ada para ayudarlo a mantener y perder peso de una manera saludable. Plan completo, comience hoy.","robots":{"index":"index","follow":"follow","max-snippet":"max-snippet:-1","max-image-preview":"max-image-preview:large","max-video-preview":"max-video-preview:-1"},"canonical":"https:\/\/dextea.com\/es\/product\/te-detox-con-plan-completo\/","og_locale":"es_ES","og_type":"article","og_title":"T\u00e9 Detox con Plan Completo","og_description":"Nuestra mezcla \u00fanica de ingredientes naturales est\u00e1 dise\u00f1ada para ayudarlo a mantener y perder peso de una manera saludable. Plan completo, comience hoy.","og_url":"https:\/\/dextea.com\/es\/product\/te-detox-con-plan-completo\/","og_site_name":"DexTea","article_publisher":"https:\/\/www.facebook.com\/profile.php?id=61561739237869","article_modified_time":"2026-05-06T12:50:35+00:00","og_image":[{"width":545,"height":612,"url":"https:\/\/8d802fa1d3aeceb56f90.b-cdn.net\/wp-content\/uploads\/2024\/05\/dextea-product.webp","type":"image\/webp"}],"twitter_card":"summary_large_image","twitter_misc":{"Tiempo de lectura":"1 minuto"},"schema":{"@context":"https:\/\/schema.org","@graph":[{"@type":"WebPage","@id":"https:\/\/dextea.com\/es\/product\/te-detox-con-plan-completo\/","url":"https:\/\/dextea.com\/es\/product\/te-detox-con-plan-completo\/","name":"T\u00e9 para adelgazar de forma saludable. Plan completo.","isPartOf":{"@id":"https:\/\/dextea.com\/es\/#website"},"primaryImageOfPage":{"@id":"https:\/\/dextea.com\/es\/product\/te-detox-con-plan-completo\/#primaryimage"},"image":{"@id":"https:\/\/dextea.com\/es\/product\/te-detox-con-plan-completo\/#primaryimage"},"thumbnailUrl":"https:\/\/dextea.com\/wp-content\/uploads\/2024\/05\/dextea-product.webp","datePublished":"2023-04-27T03:57:23+00:00","dateModified":"2026-05-06T12:50:35+00:00","description":"Nuestra mezcla \u00fanica de ingredientes naturales est\u00e1 dise\u00f1ada para ayudarlo a mantener y perder peso de una manera saludable. Plan completo, comience hoy.","breadcrumb":{"@id":"https:\/\/dextea.com\/es\/product\/te-detox-con-plan-completo\/#breadcrumb"},"inLanguage":"es","potentialAction":[{"@type":"ReadAction","target":["https:\/\/dextea.com\/es\/product\/te-detox-con-plan-completo\/"]}]},{"@type":"ImageObject","inLanguage":"es","@id":"https:\/\/dextea.com\/es\/product\/te-detox-con-plan-completo\/#primaryimage","url":"https:\/\/dextea.com\/wp-content\/uploads\/2024\/05\/dextea-product.webp","contentUrl":"https:\/\/dextea.com\/wp-content\/uploads\/2024\/05\/dextea-product.webp","width":545,"height":612},{"@type":"BreadcrumbList","@id":"https:\/\/dextea.com\/es\/product\/te-detox-con-plan-completo\/#breadcrumb","itemListElement":[{"@type":"ListItem","position":1,"name":"Home","item":"https:\/\/dextea.com\/es\/"},{"@type":"ListItem","position":2,"name":"Loja","item":"https:\/\/dextea.com\/es\/loja\/"},{"@type":"ListItem","position":3,"name":"T\u00e9 Detox con Plan Completo"}]},{"@type":"WebSite","@id":"https:\/\/dextea.com\/es\/#website","url":"https:\/\/dextea.com\/es\/","name":"DexTea","description":"O seu ch\u00e1 Detox para emagrecer","alternateName":"DexTea - Descubra o Poder do Ch\u00e1","potentialAction":[{"@type":"SearchAction","target":{"@type":"EntryPoint","urlTemplate":"https:\/\/dextea.com\/es\/?s={search_term_string}"},"query-input":{"@type":"PropertyValueSpecification","valueRequired":true,"valueName":"search_term_string"}}],"inLanguage":"es"}]}},"_links":{"self":[{"href":"https:\/\/dextea.com\/es\/wp-json\/wp\/v2\/product\/29289","targetHints":{"allow":["GET"]}}],"collection":[{"href":"https:\/\/dextea.com\/es\/wp-json\/wp\/v2\/product"}],"about":[{"href":"https:\/\/dextea.com\/es\/wp-json\/wp\/v2\/types\/product"}],"replies":[{"embeddable":true,"href":"https:\/\/dextea.com\/es\/wp-json\/wp\/v2\/comments?post=29289"}],"wp:featuredmedia":[{"embeddable":true,"href":"https:\/\/dextea.com\/es\/wp-json\/wp\/v2\/media\/29293"}],"wp:attachment":[{"href":"https:\/\/dextea.com\/es\/wp-json\/wp\/v2\/media?parent=29289"}],"wp:term":[{"taxonomy":"product_cat","embeddable":true,"href":"https:\/\/dextea.com\/es\/wp-json\/wp\/v2\/product_cat?post=29289"},{"taxonomy":"product_tag","embeddable":true,"href":"https:\/\/dextea.com\/es\/wp-json\/wp\/v2\/product_tag?post=29289"}],"curies":[{"name":"wp","href":"https:\/\/api.w.org\/{rel}","templated":true}]}}