{"id":29379,"date":"2024-09-24T09:27:49","date_gmt":"2024-09-24T09:27:49","guid":{"rendered":"https:\/\/dextea.com\/product\/capsulas-vegetales-quemador-de-grasa\/"},"modified":"2026-04-20T13:00:43","modified_gmt":"2026-04-20T13:00:43","slug":"capsulas-vegetales-quemador-de-grasa","status":"publish","type":"product","link":"https:\/\/dextea.com\/es\/product\/capsulas-vegetales-quemador-de-grasa\/","title":{"rendered":"C\u00e1psulas Vegetales &#8211; Quemador de Grasa"},"content":{"rendered":"<p><strong>DexCaps<\/strong> es un potente quemador de grasa dise\u00f1ado para ayudar a perder peso y eliminar grasa de forma r\u00e1pida y eficaz. Este suplemento en tabletas combina ingredientes naturales, conocidos por sus beneficios en la quema de grasa y la mejora del metabolismo, lo que lo convierte en el aliado perfecto para aquellos que quieren alcanzar sus objetivos de forma saludable.<\/p>\n<p><strong>Beneficios clave:<\/strong><\/p>\n<ul>\n<li><strong>Quema de grasa<\/strong>: La combinaci\u00f3n de L-carnitina y t\u00e9 verde ayuda a convertir la grasa en energ\u00eda, promoviendo la p\u00e9rdida de peso.<\/li>\n<li><strong>Mejora del metabolismo<\/strong>: Ingredientes como la cafe\u00edna anhidra y el jengibre aumentan el metabolismo, ayudando a quemar calor\u00edas m\u00e1s r\u00e1pido.<\/li>\n<li><strong>Reducci\u00f3n de la retenci\u00f3n de l\u00edquidos<\/strong>: El diente de le\u00f3n tiene propiedades diur\u00e9ticas que ayudan a eliminar la retenci\u00f3n de l\u00edquidos al desinflar el cuerpo.<\/li>\n<li><strong>Energy Boost<\/strong>: Perfecto para quienes practican ejercicio f\u00edsico, la L-carnitina y la cafe\u00edna aportan un extra de energ\u00eda para potenciar el rendimiento.<\/li>\n<li><strong>Control del apetito<\/strong>: Junto con el t\u00e9 verde y el jengibre, ayuda a controlar el apetito, promoviendo una dieta m\u00e1s equilibrada.<\/li>\n<\/ul>\n<p><strong>Ingredientes:<\/strong><\/p>\n<ul>\n<li>Tartrato de L-carnitina<\/li>\n<li>Carbonato de silicio<\/li>\n<li>Agente de recubrimiento (hidroxipropilmetilcelulosa y colorante [\u00f3xido de hierro rojo])<\/li>\n<li>Agente de carga (celulosa)<\/li>\n<li>Cafe\u00edna anhidra<\/li>\n<li>Extracto seco de diente de le\u00f3n (Taraxacum officinale, ra\u00edz)<\/li>\n<li>Extracto seco de t\u00e9 verde (Camellia sinensis, hoja)<\/li>\n<li>Antiaglomerantes (magnesio, sales de \u00e1cidos grasos y di\u00f3xido de silicio)<\/li>\n<li>L-tirosina<\/li>\n<li>Extracto seco de jengibre (Zingiber officinale, ra\u00edz)<\/li>\n<li>Citrato c\u00faprico<\/li>\n<li>Picolinato de cromo<\/li>\n<\/ul>\n<p>Este producto es ideal para aquellos que buscan acelerar la p\u00e9rdida de peso, eliminar grasas no deseadas y mejorar el metabolismo de forma sana y natural. Perfecto para complementar una dieta equilibrada y un estilo de vida activo. <\/p>\n<p><strong>Valores Nutricionales Por Raci\u00f3n (2 c\u00e1psulas):<\/strong><\/p>\n<ul>\n<li>L-Carnitina: 268 mg<\/li>\n<li>Cafe\u00edna: 200 mg<\/li>\n<li>Extracto de diente de le\u00f3n: 100 mg (con 2% de inulina: 2 mg)<\/li>\n<li>Extracto de t\u00e9 verde: 60 mg (30% polifenoles: 18 mg; 8% cafe\u00edna: 4,8 mg)<\/li>\n<li>L-tirosina: 10 mg<\/li>\n<li>Extracto de jengibre: 10 mg (5% gingeroles: 0,5 mg)<\/li>\n<\/ul>\n<p><strong>Informaci\u00f3n Nutricional Por Porci\u00f3n (2 c\u00e1psulas):<\/strong><\/p>\n<ul>\n<li>Calcio: 160 mg (20% VRN*)<\/li>\n<li>Cobre: 200 \u03bcg (20% VNR*)<\/li>\n<li>Cromo: 19,8 \u03bcg (49,5 % VNR*)<\/li>\n<\/ul>\n","protected":false},"excerpt":{"rendered":"<p><strong>DexCaps<\/strong> es un potente quemador de grasa dise\u00f1ado para ayudar a perder peso y eliminar grasa de forma r\u00e1pida y eficaz.<\/p>\n","protected":false},"featured_media":29959,"comment_status":"closed","ping_status":"closed","template":"","meta":{"_acf_changed":false,"inline_featured_image":false},"product_cat":[237],"product_tag":[],"class_list":{"0":"post-29379","1":"product","2":"type-product","3":"status-publish","4":"has-post-thumbnail","6":"product_cat-capsulas-es","8":"first","9":"instock","10":"sale","11":"taxable","12":"shipping-taxable","13":"purchasable","14":"product-type-variable","15":"has-default-attributes"},"acf":[],"yoast_head":"<!-- This site is optimized with the Yoast SEO Premium plugin v26.4 (Yoast SEO v27.4) - https:\/\/yoast.com\/product\/yoast-seo-premium-wordpress\/ -->\n<title>C\u00e1psulas Vegetales - Quemador de Grasa - DexTea<\/title>\n<meta name=\"robots\" content=\"index, follow, max-snippet:-1, max-image-preview:large, max-video-preview:-1\" \/>\n<link rel=\"canonical\" href=\"https:\/\/dextea.com\/es\/product\/capsulas-vegetales-quemador-de-grasa\/\" \/>\n<meta property=\"og:locale\" content=\"es_ES\" \/>\n<meta property=\"og:type\" content=\"article\" \/>\n<meta property=\"og:title\" content=\"C\u00e1psulas Vegetales - Quemador de Grasa\" \/>\n<meta property=\"og:description\" content=\"DexCaps es un potente quemador de grasa dise\u00f1ado para ayudar a perder peso y eliminar grasa de forma r\u00e1pida y eficaz.\" \/>\n<meta property=\"og:url\" content=\"https:\/\/dextea.com\/es\/product\/capsulas-vegetales-quemador-de-grasa\/\" \/>\n<meta property=\"og:site_name\" content=\"DexTea\" \/>\n<meta property=\"article:publisher\" content=\"https:\/\/www.facebook.com\/profile.php?id=61561739237869\" \/>\n<meta property=\"article:modified_time\" content=\"2026-04-20T13:00:43+00:00\" \/>\n<meta property=\"og:image\" content=\"https:\/\/8d802fa1d3aeceb56f90.b-cdn.net\/wp-content\/uploads\/2024\/09\/dexcaps-product.png\" \/>\n\t<meta property=\"og:image:width\" content=\"1000\" \/>\n\t<meta property=\"og:image:height\" content=\"1000\" \/>\n\t<meta property=\"og:image:type\" content=\"image\/png\" \/>\n<meta name=\"twitter:card\" content=\"summary_large_image\" \/>\n<meta name=\"twitter:label1\" content=\"Tiempo de lectura\" \/>\n\t<meta name=\"twitter:data1\" content=\"2 minutos\" \/>\n<script type=\"application\/ld+json\" class=\"yoast-schema-graph\">{\"@context\":\"https:\\\/\\\/schema.org\",\"@graph\":[{\"@type\":\"WebPage\",\"@id\":\"https:\\\/\\\/dextea.com\\\/es\\\/product\\\/capsulas-vegetales-quemador-de-grasa\\\/\",\"url\":\"https:\\\/\\\/dextea.com\\\/es\\\/product\\\/capsulas-vegetales-quemador-de-grasa\\\/\",\"name\":\"C\u00e1psulas Vegetales - Quemador de Grasa - DexTea\",\"isPartOf\":{\"@id\":\"https:\\\/\\\/dextea.com\\\/es\\\/#website\"},\"primaryImageOfPage\":{\"@id\":\"https:\\\/\\\/dextea.com\\\/es\\\/product\\\/capsulas-vegetales-quemador-de-grasa\\\/#primaryimage\"},\"image\":{\"@id\":\"https:\\\/\\\/dextea.com\\\/es\\\/product\\\/capsulas-vegetales-quemador-de-grasa\\\/#primaryimage\"},\"thumbnailUrl\":\"https:\\\/\\\/dextea.com\\\/wp-content\\\/uploads\\\/2024\\\/09\\\/dexcaps-product-1x.png\",\"datePublished\":\"2024-09-24T09:27:49+00:00\",\"dateModified\":\"2026-04-20T13:00:43+00:00\",\"breadcrumb\":{\"@id\":\"https:\\\/\\\/dextea.com\\\/es\\\/product\\\/capsulas-vegetales-quemador-de-grasa\\\/#breadcrumb\"},\"inLanguage\":\"es\",\"potentialAction\":[{\"@type\":\"ReadAction\",\"target\":[\"https:\\\/\\\/dextea.com\\\/es\\\/product\\\/capsulas-vegetales-quemador-de-grasa\\\/\"]}]},{\"@type\":\"ImageObject\",\"inLanguage\":\"es\",\"@id\":\"https:\\\/\\\/dextea.com\\\/es\\\/product\\\/capsulas-vegetales-quemador-de-grasa\\\/#primaryimage\",\"url\":\"https:\\\/\\\/dextea.com\\\/wp-content\\\/uploads\\\/2024\\\/09\\\/dexcaps-product-1x.png\",\"contentUrl\":\"https:\\\/\\\/dextea.com\\\/wp-content\\\/uploads\\\/2024\\\/09\\\/dexcaps-product-1x.png\",\"width\":545,\"height\":612},{\"@type\":\"BreadcrumbList\",\"@id\":\"https:\\\/\\\/dextea.com\\\/es\\\/product\\\/capsulas-vegetales-quemador-de-grasa\\\/#breadcrumb\",\"itemListElement\":[{\"@type\":\"ListItem\",\"position\":1,\"name\":\"Home\",\"item\":\"https:\\\/\\\/dextea.com\\\/es\\\/\"},{\"@type\":\"ListItem\",\"position\":2,\"name\":\"Loja\",\"item\":\"https:\\\/\\\/dextea.com\\\/es\\\/loja\\\/\"},{\"@type\":\"ListItem\",\"position\":3,\"name\":\"C\u00e1psulas Vegetales &#8211; Quemador de Grasa\"}]},{\"@type\":\"WebSite\",\"@id\":\"https:\\\/\\\/dextea.com\\\/es\\\/#website\",\"url\":\"https:\\\/\\\/dextea.com\\\/es\\\/\",\"name\":\"DexTea\",\"description\":\"O seu ch\u00e1 Detox para emagrecer\",\"alternateName\":\"DexTea - Descubra o Poder do Ch\u00e1\",\"potentialAction\":[{\"@type\":\"SearchAction\",\"target\":{\"@type\":\"EntryPoint\",\"urlTemplate\":\"https:\\\/\\\/dextea.com\\\/es\\\/?s={search_term_string}\"},\"query-input\":{\"@type\":\"PropertyValueSpecification\",\"valueRequired\":true,\"valueName\":\"search_term_string\"}}],\"inLanguage\":\"es\"}]}<\/script>\n<!-- \/ Yoast SEO Premium plugin. -->","yoast_head_json":{"title":"C\u00e1psulas Vegetales - Quemador de Grasa - DexTea","robots":{"index":"index","follow":"follow","max-snippet":"max-snippet:-1","max-image-preview":"max-image-preview:large","max-video-preview":"max-video-preview:-1"},"canonical":"https:\/\/dextea.com\/es\/product\/capsulas-vegetales-quemador-de-grasa\/","og_locale":"es_ES","og_type":"article","og_title":"C\u00e1psulas Vegetales - Quemador de Grasa","og_description":"DexCaps es un potente quemador de grasa dise\u00f1ado para ayudar a perder peso y eliminar grasa de forma r\u00e1pida y eficaz.","og_url":"https:\/\/dextea.com\/es\/product\/capsulas-vegetales-quemador-de-grasa\/","og_site_name":"DexTea","article_publisher":"https:\/\/www.facebook.com\/profile.php?id=61561739237869","article_modified_time":"2026-04-20T13:00:43+00:00","og_image":[{"width":1000,"height":1000,"url":"https:\/\/8d802fa1d3aeceb56f90.b-cdn.net\/wp-content\/uploads\/2024\/09\/dexcaps-product.png","type":"image\/png"}],"twitter_card":"summary_large_image","twitter_misc":{"Tiempo de lectura":"2 minutos"},"schema":{"@context":"https:\/\/schema.org","@graph":[{"@type":"WebPage","@id":"https:\/\/dextea.com\/es\/product\/capsulas-vegetales-quemador-de-grasa\/","url":"https:\/\/dextea.com\/es\/product\/capsulas-vegetales-quemador-de-grasa\/","name":"C\u00e1psulas Vegetales - Quemador de Grasa - DexTea","isPartOf":{"@id":"https:\/\/dextea.com\/es\/#website"},"primaryImageOfPage":{"@id":"https:\/\/dextea.com\/es\/product\/capsulas-vegetales-quemador-de-grasa\/#primaryimage"},"image":{"@id":"https:\/\/dextea.com\/es\/product\/capsulas-vegetales-quemador-de-grasa\/#primaryimage"},"thumbnailUrl":"https:\/\/dextea.com\/wp-content\/uploads\/2024\/09\/dexcaps-product-1x.png","datePublished":"2024-09-24T09:27:49+00:00","dateModified":"2026-04-20T13:00:43+00:00","breadcrumb":{"@id":"https:\/\/dextea.com\/es\/product\/capsulas-vegetales-quemador-de-grasa\/#breadcrumb"},"inLanguage":"es","potentialAction":[{"@type":"ReadAction","target":["https:\/\/dextea.com\/es\/product\/capsulas-vegetales-quemador-de-grasa\/"]}]},{"@type":"ImageObject","inLanguage":"es","@id":"https:\/\/dextea.com\/es\/product\/capsulas-vegetales-quemador-de-grasa\/#primaryimage","url":"https:\/\/dextea.com\/wp-content\/uploads\/2024\/09\/dexcaps-product-1x.png","contentUrl":"https:\/\/dextea.com\/wp-content\/uploads\/2024\/09\/dexcaps-product-1x.png","width":545,"height":612},{"@type":"BreadcrumbList","@id":"https:\/\/dextea.com\/es\/product\/capsulas-vegetales-quemador-de-grasa\/#breadcrumb","itemListElement":[{"@type":"ListItem","position":1,"name":"Home","item":"https:\/\/dextea.com\/es\/"},{"@type":"ListItem","position":2,"name":"Loja","item":"https:\/\/dextea.com\/es\/loja\/"},{"@type":"ListItem","position":3,"name":"C\u00e1psulas Vegetales &#8211; Quemador de Grasa"}]},{"@type":"WebSite","@id":"https:\/\/dextea.com\/es\/#website","url":"https:\/\/dextea.com\/es\/","name":"DexTea","description":"O seu ch\u00e1 Detox para emagrecer","alternateName":"DexTea - Descubra o Poder do Ch\u00e1","potentialAction":[{"@type":"SearchAction","target":{"@type":"EntryPoint","urlTemplate":"https:\/\/dextea.com\/es\/?s={search_term_string}"},"query-input":{"@type":"PropertyValueSpecification","valueRequired":true,"valueName":"search_term_string"}}],"inLanguage":"es"}]}},"_links":{"self":[{"href":"https:\/\/dextea.com\/es\/wp-json\/wp\/v2\/product\/29379","targetHints":{"allow":["GET"]}}],"collection":[{"href":"https:\/\/dextea.com\/es\/wp-json\/wp\/v2\/product"}],"about":[{"href":"https:\/\/dextea.com\/es\/wp-json\/wp\/v2\/types\/product"}],"replies":[{"embeddable":true,"href":"https:\/\/dextea.com\/es\/wp-json\/wp\/v2\/comments?post=29379"}],"wp:featuredmedia":[{"embeddable":true,"href":"https:\/\/dextea.com\/es\/wp-json\/wp\/v2\/media\/29959"}],"wp:attachment":[{"href":"https:\/\/dextea.com\/es\/wp-json\/wp\/v2\/media?parent=29379"}],"wp:term":[{"taxonomy":"product_cat","embeddable":true,"href":"https:\/\/dextea.com\/es\/wp-json\/wp\/v2\/product_cat?post=29379"},{"taxonomy":"product_tag","embeddable":true,"href":"https:\/\/dextea.com\/es\/wp-json\/wp\/v2\/product_tag?post=29379"}],"curies":[{"name":"wp","href":"https:\/\/api.w.org\/{rel}","templated":true}]}}