{"id":29355,"date":"2023-04-27T03:57:23","date_gmt":"2023-04-27T03:57:23","guid":{"rendered":"https:\/\/dextea.com\/product\/the-detox-avec-plan-complet\/"},"modified":"2026-04-17T11:37:12","modified_gmt":"2026-04-17T11:37:12","slug":"the-detox-avec-plan-complet","status":"publish","type":"product","link":"https:\/\/dextea.com\/fr\/product\/the-detox-avec-plan-complet\/","title":{"rendered":"Th\u00e9 d\u00e9tox avec plan complet"},"content":{"rendered":"<h4><strong>D\u00e9tox naturelle profonde<\/strong><\/h4>\n<p>La d\u00e9toxification int\u00e9grale restaure l\u2019organisme et am\u00e9liore consid\u00e9rablement son fonctionnement.<\/p>\n<h4><strong>R\u00e9duit les ballonnements abdominaux<\/strong><\/h4>\n<p>\u00c9limine l\u2019exc\u00e8s de liquide pour soulager la sensation de lourdeur et de ballonnements.<\/p>\n<h4><strong>9 herbes tr\u00e8s efficaces<\/strong><\/h4>\n<p>Produit avec les herbes d\u00e9toxifiantes les plus efficaces au monde.<\/p>\n<h4><strong>Puissant antioxydant<\/strong><\/h4>\n<p>Il a un effet alcalin et rajeunissant remarquable.<\/p>\n<h4><strong>Augmente le m\u00e9tabolisme<\/strong><\/h4>\n<p>Il aide \u00e0 perdre du poids de mani\u00e8re naturelle et saine.<\/p>\n<h4>Programme d\u00e9tox complet de <strong>30 \u00e0 40<\/strong> jours \/ <strong>60 \u00e0 80<\/strong> jours \/ <strong>90 \u00e0 120<\/strong> jours<\/h4>\n<p>Routine enti\u00e8rement naturelle pour un nettoyage en profondeur et un amincissement du corps en 3 semaines.<\/p>\n<h4><strong>Ingr\u00e9dients du th\u00e9 :<\/strong><\/h4>\n<ul>\n<li><strong>Senn\u00e9<\/strong> : Une plante utilis\u00e9e comme laxatif naturel pour faciliter la digestion.<\/li>\n<li><strong>Algues<\/strong>&nbsp;: Riches en min\u00e9raux, elles aident \u00e0 la d\u00e9toxification et \u00e0 la sant\u00e9 globale.<\/li>\n<li><strong>Fenouil<\/strong> : Facilite la digestion et soulage les gaz intestinaux.<\/li>\n<li><strong>Fraise :<\/strong> Source d\u2019antioxydants, am\u00e9liore la sant\u00e9 de la peau.<\/li>\n<li><strong>Silvergrass<\/strong> : Plante m\u00e9dicinale aux propri\u00e9t\u00e9s anti-inflammatoires.<\/li>\n<li><strong>Pr\u00eale<\/strong> : Diur\u00e9tique naturel, aide \u00e0 \u00e9liminer les toxines.<\/li>\n<li><strong>Fr\u00eane<\/strong> : Plante qui aide \u00e0 r\u00e9duire la r\u00e9tention d\u2019eau.<\/li>\n<li><strong>Herbe<\/strong> : Utilis\u00e9 pour am\u00e9liorer la digestion et promouvoir la sant\u00e9 intestinale.<\/li>\n<\/ul>\n<p>Sans allerg\u00e8ne \/ Sans OGM \/ Sans rayonnement ionisant.<\/p>\n<h4><strong>Suggestion<\/strong><\/h4>\n<p>Si vous souhaitez varier la saveur du th\u00e9 au fil des semaines, vous pouvez ajouter \u00e0 votre go\u00fbt, des tranches de citron, de gingembre, de menthe, de cannelle entre autres.<\/p>\n<h4><strong>Comment prendre<\/strong><\/h4>\n<ul>\n<li>Mettez 3 \u00e0 6 cuill\u00e8res \u00e0 dessert du m\u00e9lange dans 1 litre d\u2019eau bouillie.<\/li>\n<li>Laissez infuser pendant 5 minutes et retirez les herbes. Laisser couvrir. <\/li>\n<li>L\u2019infusion doit \u00eatre consomm\u00e9e tout au long de la journ\u00e9e, 30 minutes avant les repas.<\/li>\n<li>A boire chaud ou froid.<\/li>\n<\/ul>\n<p>Poids&nbsp;: 180g, Portions&nbsp;: 30-40 par paquet<\/p>\n","protected":false},"excerpt":{"rendered":"<p>Programme de d\u00e9sintoxication complet parfait, qui reconfigure le corps et am\u00e9liore consid\u00e9rablement votre corps. Profitez d\u00e8s maintenant de nos campagnes et promotions disponibles. <\/p>\n","protected":false},"featured_media":29357,"comment_status":"closed","ping_status":"closed","template":"","meta":{"_acf_changed":false,"inline_featured_image":false},"product_cat":[217],"product_tag":[219],"class_list":{"0":"post-29355","1":"product","2":"type-product","3":"status-publish","4":"has-post-thumbnail","6":"product_brand-dextea","7":"product_cat-the-detox","8":"product_tag-desintoxication","10":"first","11":"instock","12":"sale","13":"featured","14":"taxable","15":"shipping-taxable","16":"purchasable","17":"product-type-variable","18":"has-default-attributes"},"acf":[],"yoast_head":"<!-- This site is optimized with the Yoast SEO Premium plugin v26.4 (Yoast SEO v27.4) - https:\/\/yoast.com\/product\/yoast-seo-premium-wordpress\/ -->\n<title>Th\u00e9 pour perdre du poids de mani\u00e8re saine. Plan complet.<\/title>\n<meta name=\"description\" content=\"Notre m\u00e9lange unique d\u2019ingr\u00e9dients naturels est con\u00e7u pour vous aider \u00e0 maintenir et \u00e0 perdre du poids de mani\u00e8re saine. Plan complet, commencez d\u00e8s aujourd\u2019hui.\" \/>\n<meta name=\"robots\" content=\"index, follow, max-snippet:-1, max-image-preview:large, max-video-preview:-1\" \/>\n<link rel=\"canonical\" href=\"https:\/\/dextea.com\/fr\/product\/the-detox-avec-plan-complet\/\" \/>\n<meta property=\"og:locale\" content=\"fr_FR\" \/>\n<meta property=\"og:type\" content=\"article\" \/>\n<meta property=\"og:title\" content=\"Th\u00e9 d\u00e9tox avec plan complet\" \/>\n<meta property=\"og:description\" content=\"Notre m\u00e9lange unique d\u2019ingr\u00e9dients naturels est con\u00e7u pour vous aider \u00e0 maintenir et \u00e0 perdre du poids de mani\u00e8re saine. Plan complet, commencez d\u00e8s aujourd\u2019hui.\" \/>\n<meta property=\"og:url\" content=\"https:\/\/dextea.com\/fr\/product\/the-detox-avec-plan-complet\/\" \/>\n<meta property=\"og:site_name\" content=\"DexTea\" \/>\n<meta property=\"article:publisher\" content=\"https:\/\/www.facebook.com\/profile.php?id=61561739237869\" \/>\n<meta property=\"article:modified_time\" content=\"2026-04-17T11:37:12+00:00\" \/>\n<meta property=\"og:image\" content=\"https:\/\/8d802fa1d3aeceb56f90.b-cdn.net\/wp-content\/uploads\/2024\/05\/dextea-product.webp\" \/>\n\t<meta property=\"og:image:width\" content=\"545\" \/>\n\t<meta property=\"og:image:height\" content=\"612\" \/>\n\t<meta property=\"og:image:type\" content=\"image\/webp\" \/>\n<meta name=\"twitter:card\" content=\"summary_large_image\" \/>\n<meta name=\"twitter:label1\" content=\"Dur\u00e9e de lecture estim\u00e9e\" \/>\n\t<meta name=\"twitter:data1\" content=\"1 minute\" \/>\n<script type=\"application\/ld+json\" class=\"yoast-schema-graph\">{\"@context\":\"https:\\\/\\\/schema.org\",\"@graph\":[{\"@type\":\"WebPage\",\"@id\":\"https:\\\/\\\/dextea.com\\\/fr\\\/product\\\/the-detox-avec-plan-complet\\\/\",\"url\":\"https:\\\/\\\/dextea.com\\\/fr\\\/product\\\/the-detox-avec-plan-complet\\\/\",\"name\":\"Th\u00e9 pour perdre du poids de mani\u00e8re saine. Plan complet.\",\"isPartOf\":{\"@id\":\"https:\\\/\\\/dextea.com\\\/fr\\\/#website\"},\"primaryImageOfPage\":{\"@id\":\"https:\\\/\\\/dextea.com\\\/fr\\\/product\\\/the-detox-avec-plan-complet\\\/#primaryimage\"},\"image\":{\"@id\":\"https:\\\/\\\/dextea.com\\\/fr\\\/product\\\/the-detox-avec-plan-complet\\\/#primaryimage\"},\"thumbnailUrl\":\"https:\\\/\\\/dextea.com\\\/wp-content\\\/uploads\\\/2024\\\/05\\\/dextea-product.webp\",\"datePublished\":\"2023-04-27T03:57:23+00:00\",\"dateModified\":\"2026-04-17T11:37:12+00:00\",\"description\":\"Notre m\u00e9lange unique d\u2019ingr\u00e9dients naturels est con\u00e7u pour vous aider \u00e0 maintenir et \u00e0 perdre du poids de mani\u00e8re saine. Plan complet, commencez d\u00e8s aujourd\u2019hui.\",\"breadcrumb\":{\"@id\":\"https:\\\/\\\/dextea.com\\\/fr\\\/product\\\/the-detox-avec-plan-complet\\\/#breadcrumb\"},\"inLanguage\":\"fr-FR\",\"potentialAction\":[{\"@type\":\"ReadAction\",\"target\":[\"https:\\\/\\\/dextea.com\\\/fr\\\/product\\\/the-detox-avec-plan-complet\\\/\"]}]},{\"@type\":\"ImageObject\",\"inLanguage\":\"fr-FR\",\"@id\":\"https:\\\/\\\/dextea.com\\\/fr\\\/product\\\/the-detox-avec-plan-complet\\\/#primaryimage\",\"url\":\"https:\\\/\\\/dextea.com\\\/wp-content\\\/uploads\\\/2024\\\/05\\\/dextea-product.webp\",\"contentUrl\":\"https:\\\/\\\/dextea.com\\\/wp-content\\\/uploads\\\/2024\\\/05\\\/dextea-product.webp\",\"width\":545,\"height\":612},{\"@type\":\"BreadcrumbList\",\"@id\":\"https:\\\/\\\/dextea.com\\\/fr\\\/product\\\/the-detox-avec-plan-complet\\\/#breadcrumb\",\"itemListElement\":[{\"@type\":\"ListItem\",\"position\":1,\"name\":\"Home\",\"item\":\"https:\\\/\\\/dextea.com\\\/fr\\\/\"},{\"@type\":\"ListItem\",\"position\":2,\"name\":\"Loja\",\"item\":\"https:\\\/\\\/dextea.com\\\/fr\\\/loja\\\/\"},{\"@type\":\"ListItem\",\"position\":3,\"name\":\"Th\u00e9 d\u00e9tox avec plan complet\"}]},{\"@type\":\"WebSite\",\"@id\":\"https:\\\/\\\/dextea.com\\\/fr\\\/#website\",\"url\":\"https:\\\/\\\/dextea.com\\\/fr\\\/\",\"name\":\"DexTea\",\"description\":\"O seu ch\u00e1 Detox para emagrecer\",\"alternateName\":\"DexTea - Descubra o Poder do Ch\u00e1\",\"potentialAction\":[{\"@type\":\"SearchAction\",\"target\":{\"@type\":\"EntryPoint\",\"urlTemplate\":\"https:\\\/\\\/dextea.com\\\/fr\\\/?s={search_term_string}\"},\"query-input\":{\"@type\":\"PropertyValueSpecification\",\"valueRequired\":true,\"valueName\":\"search_term_string\"}}],\"inLanguage\":\"fr-FR\"}]}<\/script>\n<!-- \/ Yoast SEO Premium plugin. -->","yoast_head_json":{"title":"Th\u00e9 pour perdre du poids de mani\u00e8re saine. Plan complet.","description":"Notre m\u00e9lange unique d\u2019ingr\u00e9dients naturels est con\u00e7u pour vous aider \u00e0 maintenir et \u00e0 perdre du poids de mani\u00e8re saine. Plan complet, commencez d\u00e8s aujourd\u2019hui.","robots":{"index":"index","follow":"follow","max-snippet":"max-snippet:-1","max-image-preview":"max-image-preview:large","max-video-preview":"max-video-preview:-1"},"canonical":"https:\/\/dextea.com\/fr\/product\/the-detox-avec-plan-complet\/","og_locale":"fr_FR","og_type":"article","og_title":"Th\u00e9 d\u00e9tox avec plan complet","og_description":"Notre m\u00e9lange unique d\u2019ingr\u00e9dients naturels est con\u00e7u pour vous aider \u00e0 maintenir et \u00e0 perdre du poids de mani\u00e8re saine. Plan complet, commencez d\u00e8s aujourd\u2019hui.","og_url":"https:\/\/dextea.com\/fr\/product\/the-detox-avec-plan-complet\/","og_site_name":"DexTea","article_publisher":"https:\/\/www.facebook.com\/profile.php?id=61561739237869","article_modified_time":"2026-04-17T11:37:12+00:00","og_image":[{"width":545,"height":612,"url":"https:\/\/8d802fa1d3aeceb56f90.b-cdn.net\/wp-content\/uploads\/2024\/05\/dextea-product.webp","type":"image\/webp"}],"twitter_card":"summary_large_image","twitter_misc":{"Dur\u00e9e de lecture estim\u00e9e":"1 minute"},"schema":{"@context":"https:\/\/schema.org","@graph":[{"@type":"WebPage","@id":"https:\/\/dextea.com\/fr\/product\/the-detox-avec-plan-complet\/","url":"https:\/\/dextea.com\/fr\/product\/the-detox-avec-plan-complet\/","name":"Th\u00e9 pour perdre du poids de mani\u00e8re saine. Plan complet.","isPartOf":{"@id":"https:\/\/dextea.com\/fr\/#website"},"primaryImageOfPage":{"@id":"https:\/\/dextea.com\/fr\/product\/the-detox-avec-plan-complet\/#primaryimage"},"image":{"@id":"https:\/\/dextea.com\/fr\/product\/the-detox-avec-plan-complet\/#primaryimage"},"thumbnailUrl":"https:\/\/dextea.com\/wp-content\/uploads\/2024\/05\/dextea-product.webp","datePublished":"2023-04-27T03:57:23+00:00","dateModified":"2026-04-17T11:37:12+00:00","description":"Notre m\u00e9lange unique d\u2019ingr\u00e9dients naturels est con\u00e7u pour vous aider \u00e0 maintenir et \u00e0 perdre du poids de mani\u00e8re saine. Plan complet, commencez d\u00e8s aujourd\u2019hui.","breadcrumb":{"@id":"https:\/\/dextea.com\/fr\/product\/the-detox-avec-plan-complet\/#breadcrumb"},"inLanguage":"fr-FR","potentialAction":[{"@type":"ReadAction","target":["https:\/\/dextea.com\/fr\/product\/the-detox-avec-plan-complet\/"]}]},{"@type":"ImageObject","inLanguage":"fr-FR","@id":"https:\/\/dextea.com\/fr\/product\/the-detox-avec-plan-complet\/#primaryimage","url":"https:\/\/dextea.com\/wp-content\/uploads\/2024\/05\/dextea-product.webp","contentUrl":"https:\/\/dextea.com\/wp-content\/uploads\/2024\/05\/dextea-product.webp","width":545,"height":612},{"@type":"BreadcrumbList","@id":"https:\/\/dextea.com\/fr\/product\/the-detox-avec-plan-complet\/#breadcrumb","itemListElement":[{"@type":"ListItem","position":1,"name":"Home","item":"https:\/\/dextea.com\/fr\/"},{"@type":"ListItem","position":2,"name":"Loja","item":"https:\/\/dextea.com\/fr\/loja\/"},{"@type":"ListItem","position":3,"name":"Th\u00e9 d\u00e9tox avec plan complet"}]},{"@type":"WebSite","@id":"https:\/\/dextea.com\/fr\/#website","url":"https:\/\/dextea.com\/fr\/","name":"DexTea","description":"O seu ch\u00e1 Detox para emagrecer","alternateName":"DexTea - Descubra o Poder do Ch\u00e1","potentialAction":[{"@type":"SearchAction","target":{"@type":"EntryPoint","urlTemplate":"https:\/\/dextea.com\/fr\/?s={search_term_string}"},"query-input":{"@type":"PropertyValueSpecification","valueRequired":true,"valueName":"search_term_string"}}],"inLanguage":"fr-FR"}]}},"_links":{"self":[{"href":"https:\/\/dextea.com\/fr\/wp-json\/wp\/v2\/product\/29355","targetHints":{"allow":["GET"]}}],"collection":[{"href":"https:\/\/dextea.com\/fr\/wp-json\/wp\/v2\/product"}],"about":[{"href":"https:\/\/dextea.com\/fr\/wp-json\/wp\/v2\/types\/product"}],"replies":[{"embeddable":true,"href":"https:\/\/dextea.com\/fr\/wp-json\/wp\/v2\/comments?post=29355"}],"wp:featuredmedia":[{"embeddable":true,"href":"https:\/\/dextea.com\/fr\/wp-json\/wp\/v2\/media\/29357"}],"wp:attachment":[{"href":"https:\/\/dextea.com\/fr\/wp-json\/wp\/v2\/media?parent=29355"}],"wp:term":[{"taxonomy":"product_cat","embeddable":true,"href":"https:\/\/dextea.com\/fr\/wp-json\/wp\/v2\/product_cat?post=29355"},{"taxonomy":"product_tag","embeddable":true,"href":"https:\/\/dextea.com\/fr\/wp-json\/wp\/v2\/product_tag?post=29355"}],"curies":[{"name":"wp","href":"https:\/\/api.w.org\/{rel}","templated":true}]}}