{"id":29415,"date":"2024-09-24T09:27:49","date_gmt":"2024-09-24T09:27:49","guid":{"rendered":"https:\/\/dextea.com\/product\/gelules-veggie-bruleur-de-graisse\/"},"modified":"2025-12-03T11:08:37","modified_gmt":"2025-12-03T11:08:37","slug":"gelules-veggie-bruleur-de-graisse","status":"publish","type":"product","link":"https:\/\/dextea.com\/fr\/product\/gelules-veggie-bruleur-de-graisse\/","title":{"rendered":"G\u00e9lules Veggie &#8211; Br\u00fbleur de Graisse"},"content":{"rendered":"<p><strong>DexCaps<\/strong> est un puissant br\u00fbleur de graisse con\u00e7u pour aider \u00e0 la perte de poids et \u00e0 l\u2019\u00e9limination des graisses rapidement et efficacement. Ce suppl\u00e9ment de comprim\u00e9s combine des ingr\u00e9dients naturels, connus pour leurs bienfaits dans la combustion des graisses et l\u2019am\u00e9lioration du m\u00e9tabolisme, ce qui en fait l\u2019alli\u00e9 parfait pour ceux qui veulent atteindre leurs objectifs de mani\u00e8re saine.<\/p>\n<p><strong>Principaux avantages :<\/strong><\/p>\n<ul>\n<li><strong>Combustion des graisses<\/strong>&nbsp;: La combinaison de L-carnitine et de th\u00e9 vert aide \u00e0 transformer les graisses en \u00e9nergie, favorisant ainsi la perte de poids.<\/li>\n<li><strong>Am\u00e9lioration du m\u00e9tabolisme&nbsp;: Des<\/strong> ingr\u00e9dients tels que la caf\u00e9ine anhydre et le gingembre augmentent le m\u00e9tabolisme, aidant \u00e0 br\u00fbler des calories plus rapidement.<\/li>\n<li><strong>R\u00e9duction de la r\u00e9tention d\u2019eau : Le<\/strong> pissenlit a des propri\u00e9t\u00e9s diur\u00e9tiques qui aident \u00e0 \u00e9liminer la r\u00e9tention d\u2019eau en d\u00e9gonflant le corps.<\/li>\n<li><strong>Boost d\u2019\u00e9nergie<\/strong> : Parfaits pour ceux qui pratiquent l\u2019exercice physique, la L-carnitine et la caf\u00e9ine fournissent de l\u2019\u00e9nergie suppl\u00e9mentaire pour am\u00e9liorer les performances.<\/li>\n<li><strong>Contr\u00f4le de l\u2019app\u00e9tit<\/strong> : Avec du th\u00e9 vert et du gingembre, il aide \u00e0 contr\u00f4ler l\u2019app\u00e9tit, favorisant une alimentation plus \u00e9quilibr\u00e9e.<\/li>\n<\/ul>\n<p><strong>\u00c9toffe:<\/strong><\/p>\n<ul>\n<li>Tartrate de L-carnitine<\/li>\n<li>Carbonate de silicium<\/li>\n<li>Agent d\u2019enrobage (hydroxypropylm\u00e9thylcellulose et colorant [oxyde de fer rouge])<\/li>\n<li>Agent de charge (cellulose)<\/li>\n<li>Caf\u00e9ine anhydre<\/li>\n<li>Extrait sec de pissenlit (Taraxacum officinale, racine)<\/li>\n<li>Extrait sec de th\u00e9 vert (Camellia sinensis, feuille)<\/li>\n<li>Anti-agglom\u00e9rants (sels de magn\u00e9sium d\u2019acides gras et dioxyde de silicium)<\/li>\n<li>L-Tyrosine<\/li>\n<li>Extrait sec de gingembre (Zingiber officinale, racine)<\/li>\n<li>Citrate de cuivre<\/li>\n<li>Picolinate de chrome<\/li>\n<\/ul>\n<p>Ce produit est id\u00e9al pour ceux qui cherchent \u00e0 acc\u00e9l\u00e9rer la perte de poids, \u00e0 \u00e9liminer les graisses ind\u00e9sirables et \u00e0 am\u00e9liorer le m\u00e9tabolisme de mani\u00e8re saine et naturelle. Parfait pour compl\u00e9ter une alimentation \u00e9quilibr\u00e9e et un mode de vie actif. <\/p>\n<p><strong>Valeurs nutritionnelles par portion (2 capsules) :<\/strong><\/p>\n<ul>\n<li>L-Carnitine : 268 mg<\/li>\n<li>Caf\u00e9ine : 200 mg<\/li>\n<li>Extrait de pissenlit : 100 mg (avec 2% d\u2019inuline : 2 mg)<\/li>\n<li>Extrait de th\u00e9 vert : 60 mg (30 % de polyph\u00e9nols : 18 mg ; 8 % de caf\u00e9ine : 4,8 mg)<\/li>\n<li>L-Tyrosine : 10 mg<\/li>\n<li>Extrait de gingembre : 10 mg (5 % de ging\u00e9rols : 0,5 mg)<\/li>\n<\/ul>\n<p><strong>Information nutritionnelle par portion (2 capsules) :<\/strong><\/p>\n<ul>\n<li>Calcium : 160 mg (20% VNR*)<\/li>\n<li>Cuivre : 200 \u03bcg (20 % VNR*)<\/li>\n<li>Chrome : 19,8 \u03bcg (49,5 % VNR*)<\/li>\n<\/ul>\n","protected":false},"excerpt":{"rendered":"<p><strong>DexCaps<\/strong> est un puissant br\u00fbleur de graisse con\u00e7u pour aider \u00e0 la perte de poids et \u00e0 l\u2019\u00e9limination des graisses rapidement et efficacement.<\/p>\n","protected":false},"featured_media":29953,"comment_status":"closed","ping_status":"closed","template":"","meta":{"_acf_changed":false,"inline_featured_image":false},"product_cat":[261],"product_tag":[],"class_list":{"0":"post-29415","1":"product","2":"type-product","3":"status-publish","4":"has-post-thumbnail","6":"product_cat-capsules-fr","8":"first","9":"instock","10":"sale","11":"taxable","12":"shipping-taxable","13":"purchasable","14":"product-type-variable","15":"has-default-attributes"},"acf":[],"yoast_head":"<!-- This site is optimized with the Yoast SEO Premium plugin v26.4 (Yoast SEO v27.4) - https:\/\/yoast.com\/product\/yoast-seo-premium-wordpress\/ -->\n<title>G\u00e9lules Veggie - Br\u00fbleur de Graisse - DexTea<\/title>\n<meta name=\"robots\" content=\"index, follow, max-snippet:-1, max-image-preview:large, max-video-preview:-1\" \/>\n<link rel=\"canonical\" href=\"https:\/\/dextea.com\/fr\/product\/gelules-veggie-bruleur-de-graisse\/\" \/>\n<meta property=\"og:locale\" content=\"fr_FR\" \/>\n<meta property=\"og:type\" content=\"article\" \/>\n<meta property=\"og:title\" content=\"G\u00e9lules Veggie - Br\u00fbleur de Graisse\" \/>\n<meta property=\"og:description\" content=\"DexCaps est un puissant br\u00fbleur de graisse con\u00e7u pour aider \u00e0 la perte de poids et \u00e0 l\u2019\u00e9limination des graisses rapidement et efficacement.\" \/>\n<meta property=\"og:url\" content=\"https:\/\/dextea.com\/fr\/product\/gelules-veggie-bruleur-de-graisse\/\" \/>\n<meta property=\"og:site_name\" content=\"DexTea\" \/>\n<meta property=\"article:publisher\" content=\"https:\/\/www.facebook.com\/profile.php?id=61561739237869\" \/>\n<meta property=\"article:modified_time\" content=\"2025-12-03T11:08:37+00:00\" \/>\n<meta property=\"og:image\" content=\"https:\/\/8d802fa1d3aeceb56f90.b-cdn.net\/wp-content\/uploads\/2024\/09\/dexcaps-product.png\" \/>\n\t<meta property=\"og:image:width\" content=\"1000\" \/>\n\t<meta property=\"og:image:height\" content=\"1000\" \/>\n\t<meta property=\"og:image:type\" content=\"image\/png\" \/>\n<meta name=\"twitter:card\" content=\"summary_large_image\" \/>\n<meta name=\"twitter:label1\" content=\"Dur\u00e9e de lecture estim\u00e9e\" \/>\n\t<meta name=\"twitter:data1\" content=\"2 minutes\" \/>\n<script type=\"application\/ld+json\" class=\"yoast-schema-graph\">{\"@context\":\"https:\\\/\\\/schema.org\",\"@graph\":[{\"@type\":\"WebPage\",\"@id\":\"https:\\\/\\\/dextea.com\\\/fr\\\/product\\\/gelules-veggie-bruleur-de-graisse\\\/\",\"url\":\"https:\\\/\\\/dextea.com\\\/fr\\\/product\\\/gelules-veggie-bruleur-de-graisse\\\/\",\"name\":\"G\u00e9lules Veggie - Br\u00fbleur de Graisse - DexTea\",\"isPartOf\":{\"@id\":\"https:\\\/\\\/dextea.com\\\/fr\\\/#website\"},\"primaryImageOfPage\":{\"@id\":\"https:\\\/\\\/dextea.com\\\/fr\\\/product\\\/gelules-veggie-bruleur-de-graisse\\\/#primaryimage\"},\"image\":{\"@id\":\"https:\\\/\\\/dextea.com\\\/fr\\\/product\\\/gelules-veggie-bruleur-de-graisse\\\/#primaryimage\"},\"thumbnailUrl\":\"https:\\\/\\\/dextea.com\\\/wp-content\\\/uploads\\\/2024\\\/09\\\/dexcaps-product-1x.png\",\"datePublished\":\"2024-09-24T09:27:49+00:00\",\"dateModified\":\"2025-12-03T11:08:37+00:00\",\"breadcrumb\":{\"@id\":\"https:\\\/\\\/dextea.com\\\/fr\\\/product\\\/gelules-veggie-bruleur-de-graisse\\\/#breadcrumb\"},\"inLanguage\":\"fr-FR\",\"potentialAction\":[{\"@type\":\"ReadAction\",\"target\":[\"https:\\\/\\\/dextea.com\\\/fr\\\/product\\\/gelules-veggie-bruleur-de-graisse\\\/\"]}]},{\"@type\":\"ImageObject\",\"inLanguage\":\"fr-FR\",\"@id\":\"https:\\\/\\\/dextea.com\\\/fr\\\/product\\\/gelules-veggie-bruleur-de-graisse\\\/#primaryimage\",\"url\":\"https:\\\/\\\/dextea.com\\\/wp-content\\\/uploads\\\/2024\\\/09\\\/dexcaps-product-1x.png\",\"contentUrl\":\"https:\\\/\\\/dextea.com\\\/wp-content\\\/uploads\\\/2024\\\/09\\\/dexcaps-product-1x.png\",\"width\":545,\"height\":612},{\"@type\":\"BreadcrumbList\",\"@id\":\"https:\\\/\\\/dextea.com\\\/fr\\\/product\\\/gelules-veggie-bruleur-de-graisse\\\/#breadcrumb\",\"itemListElement\":[{\"@type\":\"ListItem\",\"position\":1,\"name\":\"Home\",\"item\":\"https:\\\/\\\/dextea.com\\\/fr\\\/\"},{\"@type\":\"ListItem\",\"position\":2,\"name\":\"Loja\",\"item\":\"https:\\\/\\\/dextea.com\\\/fr\\\/loja\\\/\"},{\"@type\":\"ListItem\",\"position\":3,\"name\":\"G\u00e9lules Veggie &#8211; Br\u00fbleur de Graisse\"}]},{\"@type\":\"WebSite\",\"@id\":\"https:\\\/\\\/dextea.com\\\/fr\\\/#website\",\"url\":\"https:\\\/\\\/dextea.com\\\/fr\\\/\",\"name\":\"DexTea\",\"description\":\"O seu ch\u00e1 Detox para emagrecer\",\"alternateName\":\"DexTea - Descubra o Poder do Ch\u00e1\",\"potentialAction\":[{\"@type\":\"SearchAction\",\"target\":{\"@type\":\"EntryPoint\",\"urlTemplate\":\"https:\\\/\\\/dextea.com\\\/fr\\\/?s={search_term_string}\"},\"query-input\":{\"@type\":\"PropertyValueSpecification\",\"valueRequired\":true,\"valueName\":\"search_term_string\"}}],\"inLanguage\":\"fr-FR\"}]}<\/script>\n<!-- \/ Yoast SEO Premium plugin. -->","yoast_head_json":{"title":"G\u00e9lules Veggie - Br\u00fbleur de Graisse - DexTea","robots":{"index":"index","follow":"follow","max-snippet":"max-snippet:-1","max-image-preview":"max-image-preview:large","max-video-preview":"max-video-preview:-1"},"canonical":"https:\/\/dextea.com\/fr\/product\/gelules-veggie-bruleur-de-graisse\/","og_locale":"fr_FR","og_type":"article","og_title":"G\u00e9lules Veggie - Br\u00fbleur de Graisse","og_description":"DexCaps est un puissant br\u00fbleur de graisse con\u00e7u pour aider \u00e0 la perte de poids et \u00e0 l\u2019\u00e9limination des graisses rapidement et efficacement.","og_url":"https:\/\/dextea.com\/fr\/product\/gelules-veggie-bruleur-de-graisse\/","og_site_name":"DexTea","article_publisher":"https:\/\/www.facebook.com\/profile.php?id=61561739237869","article_modified_time":"2025-12-03T11:08:37+00:00","og_image":[{"width":1000,"height":1000,"url":"https:\/\/8d802fa1d3aeceb56f90.b-cdn.net\/wp-content\/uploads\/2024\/09\/dexcaps-product.png","type":"image\/png"}],"twitter_card":"summary_large_image","twitter_misc":{"Dur\u00e9e de lecture estim\u00e9e":"2 minutes"},"schema":{"@context":"https:\/\/schema.org","@graph":[{"@type":"WebPage","@id":"https:\/\/dextea.com\/fr\/product\/gelules-veggie-bruleur-de-graisse\/","url":"https:\/\/dextea.com\/fr\/product\/gelules-veggie-bruleur-de-graisse\/","name":"G\u00e9lules Veggie - Br\u00fbleur de Graisse - DexTea","isPartOf":{"@id":"https:\/\/dextea.com\/fr\/#website"},"primaryImageOfPage":{"@id":"https:\/\/dextea.com\/fr\/product\/gelules-veggie-bruleur-de-graisse\/#primaryimage"},"image":{"@id":"https:\/\/dextea.com\/fr\/product\/gelules-veggie-bruleur-de-graisse\/#primaryimage"},"thumbnailUrl":"https:\/\/dextea.com\/wp-content\/uploads\/2024\/09\/dexcaps-product-1x.png","datePublished":"2024-09-24T09:27:49+00:00","dateModified":"2025-12-03T11:08:37+00:00","breadcrumb":{"@id":"https:\/\/dextea.com\/fr\/product\/gelules-veggie-bruleur-de-graisse\/#breadcrumb"},"inLanguage":"fr-FR","potentialAction":[{"@type":"ReadAction","target":["https:\/\/dextea.com\/fr\/product\/gelules-veggie-bruleur-de-graisse\/"]}]},{"@type":"ImageObject","inLanguage":"fr-FR","@id":"https:\/\/dextea.com\/fr\/product\/gelules-veggie-bruleur-de-graisse\/#primaryimage","url":"https:\/\/dextea.com\/wp-content\/uploads\/2024\/09\/dexcaps-product-1x.png","contentUrl":"https:\/\/dextea.com\/wp-content\/uploads\/2024\/09\/dexcaps-product-1x.png","width":545,"height":612},{"@type":"BreadcrumbList","@id":"https:\/\/dextea.com\/fr\/product\/gelules-veggie-bruleur-de-graisse\/#breadcrumb","itemListElement":[{"@type":"ListItem","position":1,"name":"Home","item":"https:\/\/dextea.com\/fr\/"},{"@type":"ListItem","position":2,"name":"Loja","item":"https:\/\/dextea.com\/fr\/loja\/"},{"@type":"ListItem","position":3,"name":"G\u00e9lules Veggie &#8211; Br\u00fbleur de Graisse"}]},{"@type":"WebSite","@id":"https:\/\/dextea.com\/fr\/#website","url":"https:\/\/dextea.com\/fr\/","name":"DexTea","description":"O seu ch\u00e1 Detox para emagrecer","alternateName":"DexTea - Descubra o Poder do Ch\u00e1","potentialAction":[{"@type":"SearchAction","target":{"@type":"EntryPoint","urlTemplate":"https:\/\/dextea.com\/fr\/?s={search_term_string}"},"query-input":{"@type":"PropertyValueSpecification","valueRequired":true,"valueName":"search_term_string"}}],"inLanguage":"fr-FR"}]}},"_links":{"self":[{"href":"https:\/\/dextea.com\/fr\/wp-json\/wp\/v2\/product\/29415","targetHints":{"allow":["GET"]}}],"collection":[{"href":"https:\/\/dextea.com\/fr\/wp-json\/wp\/v2\/product"}],"about":[{"href":"https:\/\/dextea.com\/fr\/wp-json\/wp\/v2\/types\/product"}],"replies":[{"embeddable":true,"href":"https:\/\/dextea.com\/fr\/wp-json\/wp\/v2\/comments?post=29415"}],"wp:featuredmedia":[{"embeddable":true,"href":"https:\/\/dextea.com\/fr\/wp-json\/wp\/v2\/media\/29953"}],"wp:attachment":[{"href":"https:\/\/dextea.com\/fr\/wp-json\/wp\/v2\/media?parent=29415"}],"wp:term":[{"taxonomy":"product_cat","embeddable":true,"href":"https:\/\/dextea.com\/fr\/wp-json\/wp\/v2\/product_cat?post=29415"},{"taxonomy":"product_tag","embeddable":true,"href":"https:\/\/dextea.com\/fr\/wp-json\/wp\/v2\/product_tag?post=29415"}],"curies":[{"name":"wp","href":"https:\/\/api.w.org\/{rel}","templated":true}]}}