{"id":30577,"date":"2024-10-18T13:33:27","date_gmt":"2024-10-18T13:33:27","guid":{"rendered":"https:\/\/dextea.com\/product\/pacchetto-di-prodotti-promozionale-dextea-3\/"},"modified":"2024-10-18T13:33:27","modified_gmt":"2024-10-18T13:33:27","slug":"pacchetto-di-prodotti-promozionale-dextea-3","status":"publish","type":"product","link":"https:\/\/dextea.com\/it\/product\/pacchetto-di-prodotti-promozionale-dextea-3\/","title":{"rendered":"Pacchetto di prodotti promozionale DexTea 3"},"content":{"rendered":"<p><strong>1. DexSlim &#8211; Bruciagrassi liquidi (500 ml)<\/strong><\/p>\n<p><strong>DexSlim<\/strong> \u00e8 un integratore innovativo e pratico progettato per accelerare la perdita di peso ed eliminare il grasso in modo efficace. Con un delizioso gusto di guaran\u00e0 e t\u00e8 verde, questo bruciagrassi \u00e8 facile da integrare nella tua routine quotidiana. Basta diluire 20 ml in 1,5 litri di acqua e berlo durante il giorno, fornendo al tuo corpo una potente combinazione di ingredienti che aiutano a bruciare i grassi, migliorare il metabolismo e ridurre la ritenzione idrica.  <\/p>\n<ul>\n<li><strong>Brucia grassi<\/strong>: ingredienti come la L-carnitina e il guaran\u00e0 trasformano il grasso in energia.<\/li>\n<li><strong>Accelerazione del metabolismo<\/strong>: con la caffeina e il t\u00e8 verde, il metabolismo accelera, aiutando a bruciare calorie.<\/li>\n<li><strong>Ridotta ritenzione idrica<\/strong>: il t\u00e8 di Giava e il t\u00e8 al carciofo hanno propriet\u00e0 diuretiche che riducono il gonfiore.<\/li>\n<li><strong>Energia extra<\/strong>: La combinazione di L-carnitina e guaran\u00e0 fornisce energia extra, ideale per chi pratica esercizio fisico.<\/li>\n<\/ul>\n<p><strong>Come assumerlo<\/strong>: Assumere tra 10 ml e 20 ml al giorno, diluito in 1,5 litri di acqua e bere durante la giornata. Agitare prima dell&#8217;uso. <\/p>\n<hr>\n<p><strong>2. DexCaps &#8211; Capsule vegetali per bruciare i grassi (60 capsule)<\/strong><\/p>\n<p><strong>Le DexCaps<\/strong> sono potenti capsule vegetali progettate per accelerare la perdita di peso e bruciare i grassi in modo efficace. Queste capsule combinano ingredienti naturali come la L-carnitina e il t\u00e8 verde, noti per aiutare a trasformare i grassi in energia, e hanno propriet\u00e0 diuretiche ed energetiche per aiutare nel processo di perdita di peso. <\/p>\n<ul>\n<li><strong>Brucia grassi: la<\/strong> L-carnitina e il t\u00e8 verde aiutano a trasformare il grasso in energia.<\/li>\n<li><strong>Aumento del metabolismo<\/strong>: la caffeina anidra e lo zenzero stimolano il metabolismo, bruciando rapidamente calorie.<\/li>\n<li><strong>Riduzione della ritenzione idrica<\/strong>: il dente di leone aiuta ad eliminare la ritenzione idrica sgonfiando il corpo.<\/li>\n<li><strong>Extra Energy<\/strong>: Ideale per chi pratica esercizio fisico, con L-carnitina e caffeina per una maggiore energia.<\/li>\n<\/ul>\n<p><strong>Modo d&#8217;assunzione<\/strong>: 2 capsule al giorno, preferibilmente prima dei pasti principali, con un bicchiere d&#8217;acqua.<\/p>\n<hr>\n<p><strong>3. DexTea &#8211; T\u00e8 disintossicante con piano completo (30-40 giorni)<\/strong><\/p>\n<p><strong>DexTea<\/strong> \u00e8 un t\u00e8 disintossicante con 9 potenti erbe che purificano in profondit\u00e0 il corpo, aiutano a eliminare le tossine e riducono il gonfiore. Questo t\u00e8 favorisce una disintossicazione integrale, ripristina il corpo e migliora il funzionamento generale, aiutando a perdere peso in modo naturale e sano. <\/p>\n<ul>\n<li><strong>Disintossicazione profonda<\/strong>: ingredienti come la senna e l&#8217;equiseto aiutano a purificare il corpo.<\/li>\n<li><strong>Riduzione del gonfiore<\/strong>: Elimina i liquidi in eccesso, alleviando il gonfiore addominale.<\/li>\n<li><strong>Aumento del metabolismo<\/strong>: aiuta ad accelerare il metabolismo e a perdere peso in modo sano.<\/li>\n<\/ul>\n<p><strong>Come prendere<\/strong>: Mettere da 3 a 6 cucchiai da dessert del composto in 1 litro di acqua bollita. Lasciate in infusione per 5 minuti, poi togliete le erbe aromatiche e mettete da parte. Consumare nell&#8217;arco della giornata, preferibilmente 30 minuti prima dei pasti. Si pu\u00f2 bere caldo o freddo.   <\/p>\n<hr>\n<p>Questo pacchetto di 3 prodotti offre un approccio completo alla perdita di peso e al benessere. Con <strong>il t\u00e8 DexTea<\/strong> per la disintossicazione, <strong>DexCaps<\/strong> per accelerare la combustione dei grassi e <strong>DexSlim<\/strong> per la perdita di peso continua durante il giorno, \u00e8 tutto incluso per aiutarti a raggiungere i tuoi obiettivi in modo sano ed efficace.<\/p>\n","protected":false},"excerpt":{"rendered":"<p>Scopri tutti i nostri prodotti con questa offerta promozionale scontata! La confezione include il t\u00e8 DexTea, le capsule vegetali DexCaps e il bruciagrassi liquido DexSlim, per un approccio completo alla disintossicazione, alla combustione dei grassi e alla perdita di peso. <\/p>\n","protected":false},"featured_media":30573,"comment_status":"closed","ping_status":"closed","template":"","meta":{"_acf_changed":false,"inline_featured_image":false},"product_cat":[309,245,191],"product_tag":[],"class_list":{"0":"post-30577","1":"product","2":"type-product","3":"status-publish","4":"has-post-thumbnail","6":"product_brand-dextea","7":"product_cat-bruciatore-di-liquido","8":"product_cat-capsules","9":"product_cat-te-disintossicante","11":"first","12":"instock","13":"sale","14":"featured","15":"taxable","16":"shipping-taxable","17":"purchasable","18":"product-type-simple"},"acf":[],"yoast_head":"<!-- This site is optimized with the Yoast SEO Premium plugin v26.4 (Yoast SEO v27.4) - https:\/\/yoast.com\/product\/yoast-seo-premium-wordpress\/ -->\n<title>Pacchetto di prodotti promozionale DexTea 3 - DexTea<\/title>\n<meta name=\"description\" content=\"Scopri tutti i nostri prodotti con questa offerta promozionale scontata! Include il t\u00e8 DexTea, le capsule DexCaps e il bruciatore Dexslim. Divertiti ora!\" \/>\n<meta name=\"robots\" content=\"index, follow, max-snippet:-1, max-image-preview:large, max-video-preview:-1\" \/>\n<link rel=\"canonical\" href=\"https:\/\/dextea.com\/it\/product\/pacchetto-di-prodotti-promozionale-dextea-3\/\" \/>\n<meta property=\"og:locale\" content=\"it_IT\" \/>\n<meta property=\"og:type\" content=\"article\" \/>\n<meta property=\"og:title\" content=\"Pacchetto di prodotti promozionale DexTea 3\" \/>\n<meta property=\"og:description\" content=\"Scopri tutti i nostri prodotti con questa offerta promozionale scontata! Include il t\u00e8 DexTea, le capsule DexCaps e il bruciatore Dexslim. Divertiti ora!\" \/>\n<meta property=\"og:url\" content=\"https:\/\/dextea.com\/it\/product\/pacchetto-di-prodotti-promozionale-dextea-3\/\" \/>\n<meta property=\"og:site_name\" content=\"DexTea\" \/>\n<meta property=\"article:publisher\" content=\"https:\/\/www.facebook.com\/profile.php?id=61561739237869\" \/>\n<meta property=\"og:image\" content=\"https:\/\/8d802fa1d3aeceb56f90.b-cdn.net\/wp-content\/uploads\/2024\/10\/bundle-dextea.png\" \/>\n\t<meta property=\"og:image:width\" content=\"545\" \/>\n\t<meta property=\"og:image:height\" content=\"612\" \/>\n\t<meta property=\"og:image:type\" content=\"image\/png\" \/>\n<meta name=\"twitter:card\" content=\"summary_large_image\" \/>\n<meta name=\"twitter:label1\" content=\"Tempo di lettura stimato\" \/>\n\t<meta name=\"twitter:data1\" content=\"3 minuti\" \/>\n<script type=\"application\/ld+json\" class=\"yoast-schema-graph\">{\"@context\":\"https:\\\/\\\/schema.org\",\"@graph\":[{\"@type\":\"WebPage\",\"@id\":\"https:\\\/\\\/dextea.com\\\/it\\\/product\\\/pacchetto-di-prodotti-promozionale-dextea-3\\\/\",\"url\":\"https:\\\/\\\/dextea.com\\\/it\\\/product\\\/pacchetto-di-prodotti-promozionale-dextea-3\\\/\",\"name\":\"Pacchetto di prodotti promozionale DexTea 3 - DexTea\",\"isPartOf\":{\"@id\":\"https:\\\/\\\/dextea.com\\\/it\\\/#website\"},\"primaryImageOfPage\":{\"@id\":\"https:\\\/\\\/dextea.com\\\/it\\\/product\\\/pacchetto-di-prodotti-promozionale-dextea-3\\\/#primaryimage\"},\"image\":{\"@id\":\"https:\\\/\\\/dextea.com\\\/it\\\/product\\\/pacchetto-di-prodotti-promozionale-dextea-3\\\/#primaryimage\"},\"thumbnailUrl\":\"https:\\\/\\\/dextea.com\\\/wp-content\\\/uploads\\\/2024\\\/10\\\/bundle-dextea.png\",\"datePublished\":\"2024-10-18T13:33:27+00:00\",\"description\":\"Scopri tutti i nostri prodotti con questa offerta promozionale scontata! Include il t\u00e8 DexTea, le capsule DexCaps e il bruciatore Dexslim. Divertiti ora!\",\"breadcrumb\":{\"@id\":\"https:\\\/\\\/dextea.com\\\/it\\\/product\\\/pacchetto-di-prodotti-promozionale-dextea-3\\\/#breadcrumb\"},\"inLanguage\":\"it-IT\",\"potentialAction\":[{\"@type\":\"ReadAction\",\"target\":[\"https:\\\/\\\/dextea.com\\\/it\\\/product\\\/pacchetto-di-prodotti-promozionale-dextea-3\\\/\"]}]},{\"@type\":\"ImageObject\",\"inLanguage\":\"it-IT\",\"@id\":\"https:\\\/\\\/dextea.com\\\/it\\\/product\\\/pacchetto-di-prodotti-promozionale-dextea-3\\\/#primaryimage\",\"url\":\"https:\\\/\\\/dextea.com\\\/wp-content\\\/uploads\\\/2024\\\/10\\\/bundle-dextea.png\",\"contentUrl\":\"https:\\\/\\\/dextea.com\\\/wp-content\\\/uploads\\\/2024\\\/10\\\/bundle-dextea.png\",\"width\":545,\"height\":612},{\"@type\":\"BreadcrumbList\",\"@id\":\"https:\\\/\\\/dextea.com\\\/it\\\/product\\\/pacchetto-di-prodotti-promozionale-dextea-3\\\/#breadcrumb\",\"itemListElement\":[{\"@type\":\"ListItem\",\"position\":1,\"name\":\"Home\",\"item\":\"https:\\\/\\\/dextea.com\\\/it\\\/\"},{\"@type\":\"ListItem\",\"position\":2,\"name\":\"Loja\",\"item\":\"https:\\\/\\\/dextea.com\\\/it\\\/loja\\\/\"},{\"@type\":\"ListItem\",\"position\":3,\"name\":\"Pacchetto di prodotti promozionale DexTea 3\"}]},{\"@type\":\"WebSite\",\"@id\":\"https:\\\/\\\/dextea.com\\\/it\\\/#website\",\"url\":\"https:\\\/\\\/dextea.com\\\/it\\\/\",\"name\":\"DexTea\",\"description\":\"O seu ch\u00e1 Detox para emagrecer\",\"alternateName\":\"DexTea - Descubra o Poder do Ch\u00e1\",\"potentialAction\":[{\"@type\":\"SearchAction\",\"target\":{\"@type\":\"EntryPoint\",\"urlTemplate\":\"https:\\\/\\\/dextea.com\\\/it\\\/?s={search_term_string}\"},\"query-input\":{\"@type\":\"PropertyValueSpecification\",\"valueRequired\":true,\"valueName\":\"search_term_string\"}}],\"inLanguage\":\"it-IT\"}]}<\/script>\n<!-- \/ Yoast SEO Premium plugin. -->","yoast_head_json":{"title":"Pacchetto di prodotti promozionale DexTea 3 - DexTea","description":"Scopri tutti i nostri prodotti con questa offerta promozionale scontata! Include il t\u00e8 DexTea, le capsule DexCaps e il bruciatore Dexslim. Divertiti ora!","robots":{"index":"index","follow":"follow","max-snippet":"max-snippet:-1","max-image-preview":"max-image-preview:large","max-video-preview":"max-video-preview:-1"},"canonical":"https:\/\/dextea.com\/it\/product\/pacchetto-di-prodotti-promozionale-dextea-3\/","og_locale":"it_IT","og_type":"article","og_title":"Pacchetto di prodotti promozionale DexTea 3","og_description":"Scopri tutti i nostri prodotti con questa offerta promozionale scontata! Include il t\u00e8 DexTea, le capsule DexCaps e il bruciatore Dexslim. Divertiti ora!","og_url":"https:\/\/dextea.com\/it\/product\/pacchetto-di-prodotti-promozionale-dextea-3\/","og_site_name":"DexTea","article_publisher":"https:\/\/www.facebook.com\/profile.php?id=61561739237869","og_image":[{"width":545,"height":612,"url":"https:\/\/8d802fa1d3aeceb56f90.b-cdn.net\/wp-content\/uploads\/2024\/10\/bundle-dextea.png","type":"image\/png"}],"twitter_card":"summary_large_image","twitter_misc":{"Tempo di lettura stimato":"3 minuti"},"schema":{"@context":"https:\/\/schema.org","@graph":[{"@type":"WebPage","@id":"https:\/\/dextea.com\/it\/product\/pacchetto-di-prodotti-promozionale-dextea-3\/","url":"https:\/\/dextea.com\/it\/product\/pacchetto-di-prodotti-promozionale-dextea-3\/","name":"Pacchetto di prodotti promozionale DexTea 3 - DexTea","isPartOf":{"@id":"https:\/\/dextea.com\/it\/#website"},"primaryImageOfPage":{"@id":"https:\/\/dextea.com\/it\/product\/pacchetto-di-prodotti-promozionale-dextea-3\/#primaryimage"},"image":{"@id":"https:\/\/dextea.com\/it\/product\/pacchetto-di-prodotti-promozionale-dextea-3\/#primaryimage"},"thumbnailUrl":"https:\/\/dextea.com\/wp-content\/uploads\/2024\/10\/bundle-dextea.png","datePublished":"2024-10-18T13:33:27+00:00","description":"Scopri tutti i nostri prodotti con questa offerta promozionale scontata! Include il t\u00e8 DexTea, le capsule DexCaps e il bruciatore Dexslim. Divertiti ora!","breadcrumb":{"@id":"https:\/\/dextea.com\/it\/product\/pacchetto-di-prodotti-promozionale-dextea-3\/#breadcrumb"},"inLanguage":"it-IT","potentialAction":[{"@type":"ReadAction","target":["https:\/\/dextea.com\/it\/product\/pacchetto-di-prodotti-promozionale-dextea-3\/"]}]},{"@type":"ImageObject","inLanguage":"it-IT","@id":"https:\/\/dextea.com\/it\/product\/pacchetto-di-prodotti-promozionale-dextea-3\/#primaryimage","url":"https:\/\/dextea.com\/wp-content\/uploads\/2024\/10\/bundle-dextea.png","contentUrl":"https:\/\/dextea.com\/wp-content\/uploads\/2024\/10\/bundle-dextea.png","width":545,"height":612},{"@type":"BreadcrumbList","@id":"https:\/\/dextea.com\/it\/product\/pacchetto-di-prodotti-promozionale-dextea-3\/#breadcrumb","itemListElement":[{"@type":"ListItem","position":1,"name":"Home","item":"https:\/\/dextea.com\/it\/"},{"@type":"ListItem","position":2,"name":"Loja","item":"https:\/\/dextea.com\/it\/loja\/"},{"@type":"ListItem","position":3,"name":"Pacchetto di prodotti promozionale DexTea 3"}]},{"@type":"WebSite","@id":"https:\/\/dextea.com\/it\/#website","url":"https:\/\/dextea.com\/it\/","name":"DexTea","description":"O seu ch\u00e1 Detox para emagrecer","alternateName":"DexTea - Descubra o Poder do Ch\u00e1","potentialAction":[{"@type":"SearchAction","target":{"@type":"EntryPoint","urlTemplate":"https:\/\/dextea.com\/it\/?s={search_term_string}"},"query-input":{"@type":"PropertyValueSpecification","valueRequired":true,"valueName":"search_term_string"}}],"inLanguage":"it-IT"}]}},"_links":{"self":[{"href":"https:\/\/dextea.com\/it\/wp-json\/wp\/v2\/product\/30577","targetHints":{"allow":["GET"]}}],"collection":[{"href":"https:\/\/dextea.com\/it\/wp-json\/wp\/v2\/product"}],"about":[{"href":"https:\/\/dextea.com\/it\/wp-json\/wp\/v2\/types\/product"}],"replies":[{"embeddable":true,"href":"https:\/\/dextea.com\/it\/wp-json\/wp\/v2\/comments?post=30577"}],"wp:featuredmedia":[{"embeddable":true,"href":"https:\/\/dextea.com\/it\/wp-json\/wp\/v2\/media\/30573"}],"wp:attachment":[{"href":"https:\/\/dextea.com\/it\/wp-json\/wp\/v2\/media?parent=30577"}],"wp:term":[{"taxonomy":"product_cat","embeddable":true,"href":"https:\/\/dextea.com\/it\/wp-json\/wp\/v2\/product_cat?post=30577"},{"taxonomy":"product_tag","embeddable":true,"href":"https:\/\/dextea.com\/it\/wp-json\/wp\/v2\/product_tag?post=30577"}],"curies":[{"name":"wp","href":"https:\/\/api.w.org\/{rel}","templated":true}]}}